{"id":724,"date":"2010-05-11T16:51:07","date_gmt":"2010-05-11T14:51:07","guid":{"rendered":"http:\/\/www.coachdrague.com\/blog\/?page_id=724"},"modified":"2023-12-06T00:20:49","modified_gmt":"2023-12-05T23:20:49","slug":"archives","status":"publish","type":"page","link":"https:\/\/www.coachdrague.com\/blog\/archives\/","title":{"rendered":"Comment trouver le contenu que tu cherches&nbsp;?"},"content":{"rendered":"<h4 style=\"text-align: center;\">Saisis tes mots cl\u00e9s dans la barre de recherche ou utilise les filtres ci-dessous.<\/h4>\n<p><span><span data-css=\"\"><\/span><\/span><span>Search<\/span><\/p>\n<p style=\"\"><strong>Clique sur une ou plusieurs cat\u00e9gories.<\/strong><\/p>\n<p><a style=\"\"><span style=\"\"><span style=\"\"> Toutes les cat\u00e9gories <\/span><\/span><\/a><a style=\"\"><span style=\"\"><span style=\"\"> Attirance et connexion&nbsp;: montrer son int\u00e9r\u00eat et apprendre \u00e0 mieux la conna\u00eetre <\/span><\/span><\/a><a style=\"\"><span style=\"\"><span style=\"\"> Cercle social&nbsp;: se faire des amis, draguer une amie, etc. <\/span><\/span><\/a><a style=\"\"><span style=\"\"><span style=\"\"> Approche&nbsp;: comment aborder une fille <\/span><\/span><\/a><a style=\"\"><span style=\"\"><span style=\"\"> Comment draguer selon une femme&nbsp;: les conseils d&#8217;une madame Tout-le-monde qui N&#8217;EST PAS experte en s\u00e9duction <\/span><\/span><\/a><a style=\"\"><span style=\"\"><span style=\"\"> Conclusion&nbsp;: prendre le num\u00e9ro, obtenir le rendez-vous, l&#8217;embrasser ou faire crac-crac <\/span><\/span><\/a><a style=\"\"><span style=\"\"><span style=\"\"> Esprit et \u00e9motions&nbsp;: vaincre l&#8217;angoisse et la timidit\u00e9, reprendre confiance en soi, d\u00e9velopper une bonne attitude, etc. <\/span><\/span><\/a><a style=\"\"><span style=\"\"><span style=\"\"> Exercice de drague&nbsp;: exercices pratiques et missions pour d\u00e9buter et progresser dans l&#8217;apprentissage de la drague <\/span><\/span><\/a><a style=\"\"><span style=\"\"><span style=\"\"> Fantasmes f\u00e9minins <\/span><\/span><\/a><a style=\"\"><span style=\"\"><span style=\"\"> Guides de drague gratuits&nbsp;: je suis g\u00e9n\u00e9reux, n&#8217;est-ce pas&nbsp;? <\/span><\/span><\/a><a style=\"\"><span style=\"\"><span style=\"\"> Histoires, anecdotes et comptes rendus <\/span><\/span><\/a><a style=\"\"><span style=\"\"><span style=\"\"> La s\u00e9duction selon la science <\/span><\/span><\/a><a style=\"\"><span style=\"\"><span style=\"\"> Le coach de drague te r\u00e9pond&nbsp;: questions des lecteurs, r\u00e9ponses du coach <\/span><\/span><\/a><a style=\"\"><span style=\"\"><span style=\"\"> Les grands s\u00e9ducteurs de l&#8217;histoire <\/span><\/span><\/a><a style=\"\"><span style=\"\"><span style=\"\"> Lieu de drague&nbsp;: rue, bars, bo\u00eetes, transports, magasins, lieu de travail, etc. <\/span><\/span><\/a><a style=\"\"><span style=\"\"><span style=\"\"> Look, image et apparence physique <\/span><\/span><\/a><a style=\"\"><span style=\"\"><span style=\"\"> Phases de drague&nbsp;: comment passer de blabla \u00e0 crac-crac <\/span><\/span><\/a><a style=\"\"><span style=\"\"><span style=\"\"> Relation&nbsp;: vie de couple et relation \u00e0 long terme <\/span><\/span><\/a><a style=\"\"><span style=\"\"><span style=\"\"> Rupture&nbsp;: oui, \u00e7a fait mal <\/span><\/span><\/a><a style=\"\"><span style=\"\"><span style=\"\"> S\u00e9duire cette fille <\/span><\/span><\/a><a style=\"\"><span style=\"\"><span style=\"\"> Sexualit\u00e9&nbsp;: comment faire l&#8217;amour comme un dieu (comme moi, quoi) <\/span><\/span><\/a><a style=\"\"><span style=\"\"><span style=\"\"> Techniques de drague non verbales et langage du corps <\/span><\/span><\/a><a style=\"\"><span style=\"\"><span style=\"\"> Techniques de drague verbales et phrases de drague&nbsp;: comment parler aux femmes <\/span><\/span><\/a><\/p>\n<p style=\"\"><strong>Clique sur un ou plusieurs auteurs.<\/strong><\/p>\n<p><a><span><span> Tous les auteurs <\/span><\/span><\/a><a><span><span> A. Cormont <\/span><\/span><\/a><a><span><span> Alex <\/span><\/span><\/a><a><span><span> Allan <\/span><\/span><\/a><a><span><span> Chlo\u00e9 <\/span><\/span><\/a><a><span><span> Chris <\/span><\/span><\/a><a><span><span> Cornelius <\/span><\/span><\/a><a><span><span> Freshstart <\/span><\/span><\/a><a><span><span> Hans <\/span><\/span><\/a><a><span><span> Hippolyte <\/span><\/span><\/a><a><span><span> Kamal <\/span><\/span><\/a><a><span><span> Konsti <\/span><\/span><\/a><a><span><span> Luna <\/span><\/span><\/a><a><span><span> Max <\/span><\/span><\/a><a><span><span> Moutassem <\/span><\/span><\/a><a><span><span> Opera <\/span><\/span><\/a><a><span><span> Patrick <\/span><\/span><\/a><a><span><span> Sixty <\/span><\/span><\/a><a><span><span> Zan <\/span><\/span><\/a><\/p>\n<h2><span data-shortcode=\"tcb_post_title\" data-shortcode-name=\"Post title\" data-extra_key=\"\" data-attr-link=\"1\" data-attr-target=\"0\" data-attr-rel=\"0\" data-option-inline=\"1\" data-attr-static-link=\"{&quot;className&quot;:&quot;&quot;,&quot;href&quot;:&quot;https:\/\/www.coachdrague.com\/blog\/aller-chez-toi-1er-rendez-vous\/&quot;,&quot;title&quot;:&quot;Quoi dire \u00e0 une femme pour aller directement chez toi au 1er rendez-vous&nbsp;?&quot;,&quot;data-css&quot;:&quot;tve-u-18c3c17c2d0&quot;,&quot;class&quot;:&quot;&quot;}\" data-attr-css=\"tve-u-18c3c17c2d0\" style=\"\"><a href=\"https:\/\/www.coachdrague.com\/blog\/aller-chez-toi-1er-rendez-vous\/\" title=\"Quoi dire \u00e0 une femme pour aller directement chez toi au 1er rendez-vous\u00a0?\">Quoi dire \u00e0 une femme pour aller directement chez toi au 1er rendez-vous\u00a0?<\/a><\/span><\/h2>\n<p><span data-tcb-events=\"\"><a href=\"https:\/\/www.coachdrague.com\/blog\/author\/konsti\" dynamic-postlink=\"tcb_post_author_link\" data-shortcode-id=\"13665\"><img decoding=\"async\" alt=\"Author Image\" height=\"38\" width=\"38\" loading=\"lazy\" title=\"Text Only 05\" data-tcb-events=\"\" data-width=\"38\" data-height=\"38\" data-init-width=\"256\" data-init-height=\"256\" data-id=\"\" style=\"aspect-ratio: auto 256 \/ 256;\" data-shortcode-src=\"https:\/\/secure.gravatar.com\/avatar\/1acb3c4d881012672222e89e673fab9c?s=256&amp;d=mm&amp;r=g&amp;dynamic_author=1\"><\/a><\/span><\/p>\n<p style=\"\"><em>par<\/em><\/p>\n<p style=\"\"><span data-shortcode=\"tcb_post_author_name\" data-shortcode-name=\"Author name\" data-extra_key=\"\" data-attr-link=\"1\" data-attr-target=\"0\" data-attr-rel=\"0\" data-option-inline=\"1\" data-attr-static-link=\"{&quot;className&quot;:&quot;&quot;,&quot;href&quot;:&quot;https:\/\/www.coachdrague.com\/blog\/author\/konsti\/&quot;,&quot;title&quot;:&quot;Konsti&quot;,&quot;data-css&quot;:&quot;tve-u-18c3c1be379&quot;,&quot;class&quot;:&quot;&quot;}\" data-attr-css=\"tve-u-18c3c1be379\"><a href=\"https:\/\/www.coachdrague.com\/blog\/author\/konsti\/\" title=\"Konsti\">Konsti<\/a><\/span><\/p>\n<p>Et on continue&nbsp;! (Jette un coup d&#8217;oeil au blogpost pr\u00e9c\u00e9dent pour savoir de quoi je parle.) J\u2019ai encore un cadeau pour toi&nbsp;: un petit e-book gratuit intitul\u00e9 \u00a0et tu peux  \u00ab&nbsp;Quoi dire \u00e0 une femme pour aller directement chez toi au 1er rendez-vous&nbsp;?&nbsp;\u00bb est une transcription\/synth\u00e8se de l\u2019\u00e9pisode 225 du CoachDrague Podcast.<\/p>\n<p><a href=\"https:\/\/www.coachdrague.com\/blog\/aller-chez-toi-1er-rendez-vous\/#more-13665\"><\/a><a href=\"https:\/\/www.coachdrague.com\/blog\/aller-chez-toi-1er-rendez-vous\/\" style=\"\"><span><\/span><span><span style=\"\">Lire la suite<\/span><\/span><\/a><\/p>\n<h2><span data-shortcode=\"tcb_post_title\" data-shortcode-name=\"Post title\" data-extra_key=\"\" data-attr-link=\"1\" data-attr-target=\"0\" data-attr-rel=\"0\" data-option-inline=\"1\" data-attr-static-link=\"{&quot;className&quot;:&quot;&quot;,&quot;href&quot;:&quot;https:\/\/www.coachdrague.com\/blog\/aller-chez-toi-1er-rendez-vous\/&quot;,&quot;title&quot;:&quot;Quoi dire \u00e0 une femme pour aller directement chez toi au 1er rendez-vous&nbsp;?&quot;,&quot;data-css&quot;:&quot;tve-u-18c3c17c2d0&quot;,&quot;class&quot;:&quot;&quot;}\" data-attr-css=\"tve-u-18c3c17c2d0\" style=\"\"><a href=\"https:\/\/www.coachdrague.com\/blog\/seduire-plus-facilement-confinement\/\" title=\"Comment s\u00e9duire plus facilement (vraiment\u00a0!) gr\u00e2ce au confinement\u00a0?\">Comment s\u00e9duire plus facilement (vraiment\u00a0!) gr\u00e2ce au confinement\u00a0?<\/a><\/span><\/h2>\n<p><span data-tcb-events=\"\"><a href=\"https:\/\/www.coachdrague.com\/blog\/author\/konsti\" dynamic-postlink=\"tcb_post_author_link\" data-shortcode-id=\"13665\"><img decoding=\"async\" alt=\"Author Image\" height=\"38\" width=\"38\" loading=\"lazy\" title=\"Text Only 05\" data-tcb-events=\"\" data-width=\"38\" data-height=\"38\" data-init-width=\"256\" data-init-height=\"256\" data-id=\"\" style=\"aspect-ratio: auto 256 \/ 256;\" data-shortcode-src=\"https:\/\/secure.gravatar.com\/avatar\/1acb3c4d881012672222e89e673fab9c?s=256&amp;d=mm&amp;r=g&amp;dynamic_author=1\"><\/a><\/span><\/p>\n<p style=\"\"><em>par<\/em><\/p>\n<p style=\"\"><span data-shortcode=\"tcb_post_author_name\" data-shortcode-name=\"Author name\" data-extra_key=\"\" data-attr-link=\"1\" data-attr-target=\"0\" data-attr-rel=\"0\" data-option-inline=\"1\" data-attr-static-link=\"{&quot;className&quot;:&quot;&quot;,&quot;href&quot;:&quot;https:\/\/www.coachdrague.com\/blog\/author\/konsti\/&quot;,&quot;title&quot;:&quot;Konsti&quot;,&quot;data-css&quot;:&quot;tve-u-18c3c1be379&quot;,&quot;class&quot;:&quot;&quot;}\" data-attr-css=\"tve-u-18c3c1be379\"><a href=\"https:\/\/www.coachdrague.com\/blog\/author\/konsti\/\" title=\"Konsti\">Konsti<\/a><\/span><\/p>\n<p>Cher lecteur, cher auditeur, cher ami, j\u2019ai un cadeau pour toi\u00a0: un petit e-book gratuit intitul\u00e9\u00a0 et tu peux le t\u00e9l\u00e9charger . \u00ab\u00a0Comment s\u00e9duire plus facilement (vraiment\u00a0!) gr\u00e2ce au confinement\u00a0?\u00a0\u00bb est une transcription\/synth\u00e8se de l\u2019\u00e9pisode 224 du CoachDrague Podcast.<\/p>\n<p><a href=\"https:\/\/www.coachdrague.com\/blog\/seduire-plus-facilement-confinement\/#more-13643\"><\/a><a href=\"https:\/\/www.coachdrague.com\/blog\/seduire-plus-facilement-confinement\/\" style=\"\"><span><\/span><span><span style=\"\">Lire la suite<\/span><\/span><\/a><\/p>\n<h2><span data-shortcode=\"tcb_post_title\" data-shortcode-name=\"Post title\" data-extra_key=\"\" data-attr-link=\"1\" data-attr-target=\"0\" data-attr-rel=\"0\" data-option-inline=\"1\" data-attr-static-link=\"{&quot;className&quot;:&quot;&quot;,&quot;href&quot;:&quot;https:\/\/www.coachdrague.com\/blog\/aller-chez-toi-1er-rendez-vous\/&quot;,&quot;title&quot;:&quot;Quoi dire \u00e0 une femme pour aller directement chez toi au 1er rendez-vous&nbsp;?&quot;,&quot;data-css&quot;:&quot;tve-u-18c3c17c2d0&quot;,&quot;class&quot;:&quot;&quot;}\" data-attr-css=\"tve-u-18c3c17c2d0\" style=\"\"><a href=\"https:\/\/www.coachdrague.com\/blog\/exciter-femme-faire-amour-sincere\/\" title=\"Comment exciter une femme rapidement et lui faire l\u2019amour en \u00e9tant direct et sinc\u00e8re\u00a0?\">Comment exciter une femme rapidement et lui faire l\u2019amour en \u00e9tant direct et sinc\u00e8re\u00a0?<\/a><\/span><\/h2>\n<p><span data-tcb-events=\"\"><a href=\"https:\/\/www.coachdrague.com\/blog\/author\/konsti\" dynamic-postlink=\"tcb_post_author_link\" data-shortcode-id=\"13665\"><img decoding=\"async\" alt=\"Author Image\" height=\"38\" width=\"38\" loading=\"lazy\" title=\"Text Only 05\" data-tcb-events=\"\" data-width=\"38\" data-height=\"38\" data-init-width=\"256\" data-init-height=\"256\" data-id=\"\" style=\"aspect-ratio: auto 256 \/ 256;\" data-shortcode-src=\"https:\/\/secure.gravatar.com\/avatar\/1acb3c4d881012672222e89e673fab9c?s=256&amp;d=mm&amp;r=g&amp;dynamic_author=1\"><\/a><\/span><\/p>\n<p style=\"\"><em>par<\/em><\/p>\n<p style=\"\"><span data-shortcode=\"tcb_post_author_name\" data-shortcode-name=\"Author name\" data-extra_key=\"\" data-attr-link=\"1\" data-attr-target=\"0\" data-attr-rel=\"0\" data-option-inline=\"1\" data-attr-static-link=\"{&quot;className&quot;:&quot;&quot;,&quot;href&quot;:&quot;https:\/\/www.coachdrague.com\/blog\/author\/konsti\/&quot;,&quot;title&quot;:&quot;Konsti&quot;,&quot;data-css&quot;:&quot;tve-u-18c3c1be379&quot;,&quot;class&quot;:&quot;&quot;}\" data-attr-css=\"tve-u-18c3c1be379\"><a href=\"https:\/\/www.coachdrague.com\/blog\/author\/konsti\/\" title=\"Konsti\">Konsti<\/a><\/span><\/p>\n<p>Comment exciter une femme rapidement&nbsp;? Comment conclure rapidement&nbsp;? Et surtout, comment exciter une femme et conclure rapidement en \u00e9tant super franc et direct&nbsp;? C\u2019est ce dont nous allons parler dans ce blogpost.<\/p>\n<p><a href=\"https:\/\/www.coachdrague.com\/blog\/exciter-femme-faire-amour-sincere\/#more-13585\"><\/a><a href=\"https:\/\/www.coachdrague.com\/blog\/exciter-femme-faire-amour-sincere\/\" style=\"\"><span><\/span><span><span style=\"\">Lire la suite<\/span><\/span><\/a><\/p>\n<h2><span data-shortcode=\"tcb_post_title\" data-shortcode-name=\"Post title\" data-extra_key=\"\" data-attr-link=\"1\" data-attr-target=\"0\" data-attr-rel=\"0\" data-option-inline=\"1\" data-attr-static-link=\"{&quot;className&quot;:&quot;&quot;,&quot;href&quot;:&quot;https:\/\/www.coachdrague.com\/blog\/aller-chez-toi-1er-rendez-vous\/&quot;,&quot;title&quot;:&quot;Quoi dire \u00e0 une femme pour aller directement chez toi au 1er rendez-vous&nbsp;?&quot;,&quot;data-css&quot;:&quot;tve-u-18c3c17c2d0&quot;,&quot;class&quot;:&quot;&quot;}\" data-attr-css=\"tve-u-18c3c17c2d0\" style=\"\"><a href=\"https:\/\/www.coachdrague.com\/blog\/comment-rendre-une-femme-amoureuse\/\" title=\"Comment rendre une femme amoureuse\u00a0: le guide ultime\">Comment rendre une femme amoureuse\u00a0: le guide ultime<\/a><\/span><\/h2>\n<p><span data-tcb-events=\"\"><a href=\"https:\/\/www.coachdrague.com\/blog\/author\/konsti\" dynamic-postlink=\"tcb_post_author_link\" data-shortcode-id=\"13665\"><img decoding=\"async\" alt=\"Author Image\" height=\"38\" width=\"38\" loading=\"lazy\" title=\"Text Only 05\" data-tcb-events=\"\" data-width=\"38\" data-height=\"38\" data-init-width=\"256\" data-init-height=\"256\" data-id=\"\" style=\"aspect-ratio: auto 256 \/ 256;\" data-shortcode-src=\"https:\/\/secure.gravatar.com\/avatar\/1acb3c4d881012672222e89e673fab9c?s=256&amp;d=mm&amp;r=g&amp;dynamic_author=1\"><\/a><\/span><\/p>\n<p style=\"\"><em>par<\/em><\/p>\n<p style=\"\"><span data-shortcode=\"tcb_post_author_name\" data-shortcode-name=\"Author name\" data-extra_key=\"\" data-attr-link=\"1\" data-attr-target=\"0\" data-attr-rel=\"0\" data-option-inline=\"1\" data-attr-static-link=\"{&quot;className&quot;:&quot;&quot;,&quot;href&quot;:&quot;https:\/\/www.coachdrague.com\/blog\/author\/konsti\/&quot;,&quot;title&quot;:&quot;Konsti&quot;,&quot;data-css&quot;:&quot;tve-u-18c3c1be379&quot;,&quot;class&quot;:&quot;&quot;}\" data-attr-css=\"tve-u-18c3c1be379\"><a href=\"https:\/\/www.coachdrague.com\/blog\/author\/konsti\/\" title=\"Konsti\">Konsti<\/a><\/span><\/p>\n<p>Ceci est la transcription de l&#8217;\u00e9pisode 194 du CoachDrague Podcast. Pour \u00e9couter le podcast, clique ici. Pour t\u00e9l\u00e9charger l&#8217;e-book (la transcription au format pdf avec une belle mise en page), clique ici. Comment rendre cette femme amoureuse&nbsp;? Comment r\u00e9tablir l\u2019\u00e9quilibre entre toi et cette femme&nbsp;? Mieux encore, comment prendre le dessus&nbsp;? Comment faire en sorte qu\u2019elle se comporte de mani\u00e8re f\u00e9minine avec toi, c\u2019est \u00e0 dire avec gentillesse, douceur et bienveillance&nbsp;? Comment faire en sorte qu\u2019elle te coure apr\u00e8s&nbsp;? Qu\u2019elle te contacte en premier&nbsp;? Qu\u2019elle r\u00e9ponde imm\u00e9diatement \u00e0 tes messages&nbsp;? Qu\u2019elle t\u2019\u00e9crive spontan\u00e9ment pour te voir&nbsp;? Qu\u2019elle annule ses <a href=\"https:\/\/www.coachdrague.com\/blog\/comment-rendre-une-femme-amoureuse\/#more-13562\"><\/a><\/p>\n<p><a href=\"https:\/\/www.coachdrague.com\/blog\/comment-rendre-une-femme-amoureuse\/\" style=\"\"><span><\/span><span><span style=\"\">Lire la suite<\/span><\/span><\/a><\/p>\n<h2><span data-shortcode=\"tcb_post_title\" data-shortcode-name=\"Post title\" data-extra_key=\"\" data-attr-link=\"1\" data-attr-target=\"0\" data-attr-rel=\"0\" data-option-inline=\"1\" data-attr-static-link=\"{&quot;className&quot;:&quot;&quot;,&quot;href&quot;:&quot;https:\/\/www.coachdrague.com\/blog\/aller-chez-toi-1er-rendez-vous\/&quot;,&quot;title&quot;:&quot;Quoi dire \u00e0 une femme pour aller directement chez toi au 1er rendez-vous&nbsp;?&quot;,&quot;data-css&quot;:&quot;tve-u-18c3c17c2d0&quot;,&quot;class&quot;:&quot;&quot;}\" data-attr-css=\"tve-u-18c3c17c2d0\" style=\"\"><a href=\"https:\/\/www.coachdrague.com\/blog\/exciter-sexuellement-femme-rendez-vous\/\" title=\"Comment exciter sexuellement une femme lors de votre rendez-vous\u00a0?\">Comment exciter sexuellement une femme lors de votre rendez-vous\u00a0?<\/a><\/span><\/h2>\n<p><span data-tcb-events=\"\"><a href=\"https:\/\/www.coachdrague.com\/blog\/author\/konsti\" dynamic-postlink=\"tcb_post_author_link\" data-shortcode-id=\"13665\"><img decoding=\"async\" alt=\"Author Image\" height=\"38\" width=\"38\" loading=\"lazy\" title=\"Text Only 05\" data-tcb-events=\"\" data-width=\"38\" data-height=\"38\" data-init-width=\"256\" data-init-height=\"256\" data-id=\"\" style=\"aspect-ratio: auto 256 \/ 256;\" data-shortcode-src=\"https:\/\/secure.gravatar.com\/avatar\/1acb3c4d881012672222e89e673fab9c?s=256&amp;d=mm&amp;r=g&amp;dynamic_author=1\"><\/a><\/span><\/p>\n<p style=\"\"><em>par<\/em><\/p>\n<p style=\"\"><span data-shortcode=\"tcb_post_author_name\" data-shortcode-name=\"Author name\" data-extra_key=\"\" data-attr-link=\"1\" data-attr-target=\"0\" data-attr-rel=\"0\" data-option-inline=\"1\" data-attr-static-link=\"{&quot;className&quot;:&quot;&quot;,&quot;href&quot;:&quot;https:\/\/www.coachdrague.com\/blog\/author\/konsti\/&quot;,&quot;title&quot;:&quot;Konsti&quot;,&quot;data-css&quot;:&quot;tve-u-18c3c1be379&quot;,&quot;class&quot;:&quot;&quot;}\" data-attr-css=\"tve-u-18c3c1be379\"><a href=\"https:\/\/www.coachdrague.com\/blog\/author\/konsti\/\" title=\"Konsti\">Konsti<\/a><\/span><\/p>\n<p>Cher lecteur, dans cet article tu d\u00e9couvriras&nbsp;: Comment r\u00e9ellement instaurer de la tension sexuelle dans tes conversations avec les femmes&nbsp;? Comment exciter une femme sexuellement avec tes paroles&nbsp;? Mieux encore, comment faire en sorte qu\u2019elle s\u2019excite sexuellement elle-m\u00eame&nbsp;?<\/p>\n<p><a href=\"https:\/\/www.coachdrague.com\/blog\/exciter-sexuellement-femme-rendez-vous\/#more-13466\"><\/a><a href=\"https:\/\/www.coachdrague.com\/blog\/exciter-sexuellement-femme-rendez-vous\/\" style=\"\"><span><\/span><span><span style=\"\">Lire la suite<\/span><\/span><\/a><\/p>\n<h2><span data-shortcode=\"tcb_post_title\" data-shortcode-name=\"Post title\" data-extra_key=\"\" data-attr-link=\"1\" data-attr-target=\"0\" data-attr-rel=\"0\" data-option-inline=\"1\" data-attr-static-link=\"{&quot;className&quot;:&quot;&quot;,&quot;href&quot;:&quot;https:\/\/www.coachdrague.com\/blog\/aller-chez-toi-1er-rendez-vous\/&quot;,&quot;title&quot;:&quot;Quoi dire \u00e0 une femme pour aller directement chez toi au 1er rendez-vous&nbsp;?&quot;,&quot;data-css&quot;:&quot;tve-u-18c3c17c2d0&quot;,&quot;class&quot;:&quot;&quot;}\" data-attr-css=\"tve-u-18c3c17c2d0\" style=\"\"><a href=\"https:\/\/www.coachdrague.com\/blog\/fille-amoureuse-comment-savoir\/\" title=\"Comment savoir si une fille est amoureuse\u00a0?\">Comment savoir si une fille est amoureuse\u00a0?<\/a><\/span><\/h2>\n<p><span data-tcb-events=\"\"><a href=\"https:\/\/www.coachdrague.com\/blog\/author\/konsti\" dynamic-postlink=\"tcb_post_author_link\" data-shortcode-id=\"13665\"><img decoding=\"async\" alt=\"Author Image\" height=\"38\" width=\"38\" loading=\"lazy\" title=\"Text Only 05\" data-tcb-events=\"\" data-width=\"38\" data-height=\"38\" data-init-width=\"256\" data-init-height=\"256\" data-id=\"\" style=\"aspect-ratio: auto 256 \/ 256;\" data-shortcode-src=\"https:\/\/secure.gravatar.com\/avatar\/1acb3c4d881012672222e89e673fab9c?s=256&amp;d=mm&amp;r=g&amp;dynamic_author=1\"><\/a><\/span><\/p>\n<p style=\"\"><em>par<\/em><\/p>\n<p style=\"\"><span data-shortcode=\"tcb_post_author_name\" data-shortcode-name=\"Author name\" data-extra_key=\"\" data-attr-link=\"1\" data-attr-target=\"0\" data-attr-rel=\"0\" data-option-inline=\"1\" data-attr-static-link=\"{&quot;className&quot;:&quot;&quot;,&quot;href&quot;:&quot;https:\/\/www.coachdrague.com\/blog\/author\/konsti\/&quot;,&quot;title&quot;:&quot;Konsti&quot;,&quot;data-css&quot;:&quot;tve-u-18c3c1be379&quot;,&quot;class&quot;:&quot;&quot;}\" data-attr-css=\"tve-u-18c3c1be379\"><a href=\"https:\/\/www.coachdrague.com\/blog\/author\/konsti\/\" title=\"Konsti\">Konsti<\/a><\/span><\/p>\n<p>Cher lecteur, as-tu des sentiments pour une fille en particulier&nbsp;? Es-tu amoureux d&#8217;elle&nbsp;? Aimerais-tu savoir si ses sentiments sont r\u00e9ciproques&nbsp;? Aimerais-tu avoir plus de certitude concernant ses sentiments pour toi afin d&#8217;\u00e9viter de te faire rejeter&nbsp;?<\/p>\n<p><a href=\"https:\/\/www.coachdrague.com\/blog\/fille-amoureuse-comment-savoir\/#more-13214\"><\/a><a href=\"https:\/\/www.coachdrague.com\/blog\/fille-amoureuse-comment-savoir\/\" style=\"\"><span><\/span><span><span style=\"\">Lire la suite<\/span><\/span><\/a><a href=\"javascript:void(0)\" style=\"\"><span><\/span><span><span style=\"\">Afficher plus<\/span><\/span><\/a><\/p>","protected":false},"excerpt":{"rendered":"<p>Saisis tes mots cl\u00e9s dans la barre de recherche ou utilise les filtres ci-dessous. Search Clique sur une ou plusieurs cat\u00e9gories. Toutes les cat\u00e9gories Attirance et connexion&nbsp;: montrer son int\u00e9r\u00eat et apprendre \u00e0 mieux la conna\u00eetre Cercle social&nbsp;: se faire des amis, draguer une amie, etc. Approche&nbsp;: comment aborder une fille Comment draguer selon une [&hellip;]<\/p>","protected":false},"author":2,"featured_media":0,"parent":0,"menu_order":0,"comment_status":"closed","ping_status":"closed","template":"","meta":{"_monsterinsights_skip_tracking":false,"_monsterinsights_sitenote_active":false,"_monsterinsights_sitenote_note":"","_monsterinsights_sitenote_category":0,"footnotes":""},"_links":{"self":[{"href":"https:\/\/www.coachdrague.com\/blog\/wp-json\/wp\/v2\/pages\/724"}],"collection":[{"href":"https:\/\/www.coachdrague.com\/blog\/wp-json\/wp\/v2\/pages"}],"about":[{"href":"https:\/\/www.coachdrague.com\/blog\/wp-json\/wp\/v2\/types\/page"}],"author":[{"embeddable":true,"href":"https:\/\/www.coachdrague.com\/blog\/wp-json\/wp\/v2\/users\/2"}],"replies":[{"embeddable":true,"href":"https:\/\/www.coachdrague.com\/blog\/wp-json\/wp\/v2\/comments?post=724"}],"version-history":[{"count":14,"href":"https:\/\/www.coachdrague.com\/blog\/wp-json\/wp\/v2\/pages\/724\/revisions"}],"predecessor-version":[{"id":14003,"href":"https:\/\/www.coachdrague.com\/blog\/wp-json\/wp\/v2\/pages\/724\/revisions\/14003"}],"wp:attachment":[{"href":"https:\/\/www.coachdrague.com\/blog\/wp-json\/wp\/v2\/media?parent=724"}],"curies":[{"name":"wp","href":"https:\/\/api.w.org\/{rel}","templated":true}]}}