{"id":4048,"date":"2010-11-24T15:55:00","date_gmt":"2010-11-24T14:55:00","guid":{"rendered":"http:\/\/www.coachdrague.com\/blog\/"},"modified":"2023-12-06T17:46:06","modified_gmt":"2023-12-06T16:46:06","slug":"temoignages-et-remerciements","status":"publish","type":"page","link":"https:\/\/www.coachdrague.com\/blog\/temoignages-et-remerciements\/","title":{"rendered":"Ces hommes ont essay\u00e9, voici ce qu\u2019ils en pensent\u2026"},"content":{"rendered":"<p>Cher ami,<\/p>\n<p>tes t\u00e9moignages et remerciements sont&#8230;<\/p>\n<h2>Ma plus grande source de satisfaction, de motivation et d&#8217;inspiration&nbsp;!<\/h2>\n<p>Le nombre de ventes de mes produits et services, le nombre croissant de visiteurs et d&#8217;abonn\u00e9s \u00e0 la newsletter et au podcast, ma popularit\u00e9, le nombre de gonzesses que je s\u00e9duis, etc. sont des choses &#8220;superficielles&#8221; qui font certes plaisir.<\/p>\n<p>Mais&#8230;<\/p>\n<p>Ce plaisir est \u00e9ph\u00e9m\u00e8re. On s&#8217;y habitue tr\u00e8s vite.<\/p>\n<p>Tu sais de quoi je parle&nbsp;: tu r\u00eaves d&#8217;un nouvel ordinateur, un iPhone, une voiture, une fille, un dipl\u00f4me&#8230;<\/p>\n<p>En obtenant ce que tu veux, tu \u00e9prouves un \u00e9norme plaisir et une grande satisfaction. Mais une semaine ou deux plus tard, ton nouveau &#8220;joujou&#8221; ne te fait plus aucun effet. C&#8217;est devenu <em>une habitude.<\/em><\/p>\n<p>Les seules choses qui ne cessent JAMAIS de me faire chaud au c\u0153ur sont les remerciements et les t\u00e9moignages.<\/p>\n<h2>Comment publier tes remerciements ou ton t\u00e9moignage&nbsp;?<\/h2>\n<p>En laissant un commentaire ci-dessous.<\/p>\n<h3>Infos suppl\u00e9mentaires&nbsp;:<\/h3>\n<ul>\n<li>Plus ton t\u00e9moignage est sp\u00e9cifique, complet et d\u00e9taill\u00e9, mieux c&#8217;est.<\/li>\n<\/ul>\n<ul>\n<li>Si \u00e7a ne te d\u00e9range pas, plus tu donnes d&#8217;infos sur toi (nom, profession, \u00e2ge, pays, ville de r\u00e9sidence, mini biographie&#8230;), plus ton t\u00e9moignage sera personnel, r\u00e9el et cr\u00e9dible. C&#8217;est une question de connexion \u00e9motionnelle et de confiance. \u00c9videmment, il n&#8217;y a aucune obligation. Tu pr\u00e9f\u00e8res utiliser un pseudonyme et ne rien d\u00e9voiler&nbsp;? Pas de probl\u00e8mes.<\/li>\n<\/ul>\n<ul>\n<li>Ton adresse e-mail ne sera pas divulgu\u00e9e. Jamais&nbsp;!<\/li>\n<\/ul>\n<h2>Merci d&#8217;\u00eatre un fid\u00e8le lecteur, auditeur, client et\/ou ami&nbsp;!<\/h2>\n<p>Je n&#8217;en demande pas plus&#8230;<\/p>\n<p>Konsti<\/p>","protected":false},"excerpt":{"rendered":"<p>Cher ami, tes t\u00e9moignages et remerciements sont&#8230; Ma plus grande source de satisfaction, de motivation et d&#8217;inspiration&nbsp;! Le nombre de ventes de mes produits et services, le nombre croissant de visiteurs et d&#8217;abonn\u00e9s \u00e0 la newsletter et au podcast, ma popularit\u00e9, le nombre de gonzesses que je s\u00e9duis, etc. sont des choses &#8220;superficielles&#8221; qui font [&hellip;]<\/p>","protected":false},"author":2,"featured_media":0,"parent":0,"menu_order":0,"comment_status":"open","ping_status":"closed","template":"","meta":{"_monsterinsights_skip_tracking":false,"_monsterinsights_sitenote_active":false,"_monsterinsights_sitenote_note":"","_monsterinsights_sitenote_category":0,"footnotes":""},"_links":{"self":[{"href":"https:\/\/www.coachdrague.com\/blog\/wp-json\/wp\/v2\/pages\/4048"}],"collection":[{"href":"https:\/\/www.coachdrague.com\/blog\/wp-json\/wp\/v2\/pages"}],"about":[{"href":"https:\/\/www.coachdrague.com\/blog\/wp-json\/wp\/v2\/types\/page"}],"author":[{"embeddable":true,"href":"https:\/\/www.coachdrague.com\/blog\/wp-json\/wp\/v2\/users\/2"}],"replies":[{"embeddable":true,"href":"https:\/\/www.coachdrague.com\/blog\/wp-json\/wp\/v2\/comments?post=4048"}],"version-history":[{"count":4,"href":"https:\/\/www.coachdrague.com\/blog\/wp-json\/wp\/v2\/pages\/4048\/revisions"}],"predecessor-version":[{"id":14005,"href":"https:\/\/www.coachdrague.com\/blog\/wp-json\/wp\/v2\/pages\/4048\/revisions\/14005"}],"wp:attachment":[{"href":"https:\/\/www.coachdrague.com\/blog\/wp-json\/wp\/v2\/media?parent=4048"}],"curies":[{"name":"wp","href":"https:\/\/api.w.org\/{rel}","templated":true}]}}