{"id":11914,"date":"2015-01-30T01:10:22","date_gmt":"2015-01-30T00:10:22","guid":{"rendered":"http:\/\/www.coachdrague.com\/blog\/?page_id=11914"},"modified":"2020-05-15T00:45:46","modified_gmt":"2020-05-14T22:45:46","slug":"page-9","status":"publish","type":"page","link":"https:\/\/www.coachdrague.com\/blog\/tu-la-veux-tu-l-auras\/page-9\/","title":{"rendered":""},"content":{"rendered":"<h2>Que donnerais-tu pour ne PLUS JAMAIS souffrir \u00e0 cause d\u2019une femme&nbsp;?<\/h2>\n<p>Que donnerais-tu pour devenir l\u2019homme s\u00e9duisant, charismatique et confiant qui sait exactement que dire et que faire pour r\u00e9ellement LA faire craquer&nbsp;? Mieux encore&nbsp;: LES faire craquer&nbsp;?<\/p>\n<p>Que donnerais-tu pour voir <strong>son regard plein de d\u00e9sir, d\u2019envie et d\u2019admiration<\/strong> ?<\/p>\n<p>Que donnerais-tu pour ressentir LA SATISFACTION ET LA SENSATION D\u2019EXTASE apr\u00e8s une nuit torride avec cette femme, surtout quand tu sais que ce c\u2019est gr\u00e2ce \u00e0 tes comp\u00e9tences&nbsp;?!?!<\/p>\n<p>Des centaines d\u2019euros&nbsp;?<\/p>\n<p>Des milliers d\u2019euros&nbsp;?<\/p>\n<p>Des dizaines de milliers&nbsp;?<\/p>\n<p>Exactement, c\u2019est IMPAYABLE&nbsp;!<\/p>\n<p>Pour beaucoup d\u2019hommes, rien que le fait de savoir qu\u2019ils ont r\u00e9ellement une chance avec cette femme vaut tellement PLUS\u2026<\/p>\n<p>Une chose est s\u00fbre. <strong>Si tu continues \u00e0 te comporter comme tu le fais maintenant, je te garantis avec 100% de certitude que tu te feras rejeter ou que tu te retrouveras dans la &#8220;friend zone&#8221;<\/strong> (ce qui revient au m\u00eame).<\/p>\n<p>Mais\u2026<\/p>\n<p>Ce n\u2019est pas une fatalit\u00e9&nbsp;!<\/p>\n<p>Il y a moyen de renverser la tendance.<\/p>\n<p>Comment&nbsp;?<\/p>\n<p>En appliquant les 8 fameuses r\u00e8gles que tu d\u00e9couvriras dans <em>Tu La Veux, Tu L\u2019Auras<\/em> !<\/p>\n<h2>Comment t\u00e9l\u00e9charger ton exemplaire de\u00a0<em>Tu La Veux, Tu L&#8217;Auras&nbsp;?<\/em><\/h2>\n<ol>\n<li>Tu cliques sur le bouton <em>Ajouter Au Panier<\/em>, se trouvant plus loin dans cet article.<\/li>\n<li>Sur la page de paiement 100% s\u00e9curis\u00e9 de Paypal, tu saisis tes infos.<\/li>\n<li>Apr\u00e8s avoir saisi tes infos, tu seras automatiquement redirig\u00e9 vers une page de t\u00e9l\u00e9chargement. Sur cette page, tu t\u00e9l\u00e9charges ton exemplaire de <em>Tu La Veux, Tu L\u2019Auras<\/em>.<\/li>\n<\/ol>\n<p>C\u2019est tout.<\/p>\n<p>Cette proc\u00e9dure ne prend que 2 \u00e0 4 minutes. Ce qui veut dire que <strong>dans 2 \u00e0 4 minutes tu disposeras de tous les outils et techniques n\u00e9cessaires pour s\u00e9duire cette femme r\u00e9ellement&nbsp;!<\/strong><\/p>\n<p>Maintenant, tu te poses s\u00fbrement des questions sur le prix de <em>Tu La Veux, Tu L\u2019Auras<\/em>\u2026<\/p>\n<p>Je te rappelle que mon <strong>tarif moyen est de 115\u20ac\/heure<\/strong>. Je te rappelle \u00e9galement que <em>Tu La Veux, Tu L\u2019Auras<\/em> contient des ann\u00e9es d\u2019exp\u00e9rience et de savoir-faire (plus de 17 ans en mati\u00e8re de drague et plus de 9 ans en mati\u00e8re de coaching en s\u00e9duction).<\/p>\n<p>Le prix de <em>Tu La Veux, Tu L&#8217;Auras<\/em> est de 39\u20ac.<\/p>\n<p>La bonne nouvelle est que tu peux le t\u00e9l\u00e9charger et commencer \u00e0 int\u00e9rioriser et appliquer les 8 r\u00e8gles encore MAINTENANT (m\u00eame s&#8217;il est 3h du matin)&nbsp;!<\/p>\n<div class=\"alert\">\n<p><img loading=\"lazy\" decoding=\"async\" class=\"size-full wp-image-11928 aligncenter\" src=\"https:\/\/www.coachdrague.com\/blog\/wp-content\/uploads\/2015\/01\/garantie-satisfait-ou-rembourse-585x80.png\" alt=\"garantie-satisfait-ou-rembourse-585x80\" width=\"585\" height=\"80\" srcset=\"https:\/\/www.coachdrague.com\/blog\/wp-content\/uploads\/2015\/01\/garantie-satisfait-ou-rembourse-585x80.png 585w, https:\/\/www.coachdrague.com\/blog\/wp-content\/uploads\/2015\/01\/garantie-satisfait-ou-rembourse-585x80-300x41.png 300w\" sizes=\"(max-width: 585px) 100vw, 585px\" \/><\/p>\n<p>Je suis persuad\u00e9 que\u00a0<em>Tu La Veux, Tu L\u2019Auras<\/em>\u00a0transformera ta vie intime pour toujours&nbsp;!Dans le meilleur des cas, cette femme ne pourra pas r\u00e9sister \u00e0 ton charme et \u00e0 ton charisme et fondra dans tes bras.<\/p>\n<p>Dans le pire des cas, tu te sentiras lib\u00e9r\u00e9 et l\u00e9ger. Tu ne souffriras plus. Tu auras l\u2019esprit tranquille. La peur, les doutes, la frustration et la honte, \u00e7a sera du pass\u00e9. Et\u2026 tu disposeras de tous les outils n\u00e9cessaires pour ne plus jamais commettre les m\u00eames erreurs. De telles histoires <del>d\u2019amour<\/del> de douleur, tu n\u2019en vivras PLUS JAMAIS&nbsp;!<\/p>\n<p>Mes propos peuvent te sembler exag\u00e9r\u00e9s. Que dis-je&nbsp;? Toute cette page t\u2019as fait penser \u00e0 plusieurs reprises que &#8220;C\u2019est trop beau pour \u00eatre vrai. C\u2019est du blabla de marketing. Il essaie juste de me vendre son truc. Je dois me m\u00e9fier\u2026&#8221;<\/p>\n<p>Je te comprends \u00e0 100% ! Moi aussi je me m\u00e9fie quand je lis des pages de promotion, comme celle-ci, sur internet.<\/p>\n<p>Pour cette raison je te donne la chance d\u2019essayer\u00a0<em>Tu La Veux, Tu L\u2019Auras<\/em>\u00a0sans aucun risque pour une p\u00e9riode de 60 jours.<\/p>\n<p>Si dans les 60 jours apr\u00e8s le t\u00e9l\u00e9chargement (y compris le 60\u00e8me jour) tu n\u2019es pas satisfait pour n\u2019importe quelle raison, ou voire m\u00eame sans AUCUNE raison, envoie-moi un simple e-mail disant&nbsp;: &#8220;Konsti, rembourse-moi.&#8221; et je te rembourse imm\u00e9diatement l\u2019int\u00e9gralit\u00e9 des 39\u20ac en quelques simples clics, sans poser de questions.<\/p>\n<p>Et puisque tu auras t\u00e9l\u00e9charg\u00e9\u00a0<em>Tu La Veux, Tu L\u2019Auras<\/em>\u00a0tu pourras le garder&nbsp;! Tu ne risques donc ABSOLUMENT rien\u2026 Pas satisfait&nbsp;? Je te rembourse. C\u2019est aussi simple que \u00e7a.<\/p>\n<p>Mettons-nous d&#8217;accord sur les points suivants et clique ensuite sur le bouton de commande S\u00c9CURIS\u00c9 pour t\u00e9l\u00e9charger ton exemplaire de <em>Tu La Veux, Tu L\u2019Auras<\/em>.<\/p>\n<ul>\n<li>Je comprends que si je continue avec ma d\u00e9marche actuelle, cette femme me rejettera&nbsp;!<\/li>\n<\/ul>\n<ul>\n<li>Je comprends que les 8 r\u00e8gles et les exercices de <em>Tu La Veux, Tu L\u2019Auras<\/em> m\u2019aideront \u00e0 pulv\u00e9riser ma peur, mes doutes et ma frustration.<\/li>\n<\/ul>\n<ul>\n<li>Je comprends que les 8 r\u00e8gles et les exercices de <em>Tu La Veux, Tu L\u2019Auras<\/em> m\u2019aideront savoir exactement quoi dire, mot pour mot, et quand et comment le dire pour enfin la faire tomber dans mes bras.<\/li>\n<\/ul>\n<ul>\n<li>Je comprends que je n\u2019aurais besoin que de 2 \u00e0 4 minutes pour t\u00e9l\u00e9charger <em>Tu La Veux, Tu L\u2019Auras<\/em> (m\u00eame si on est dimanche \u00e0 3h du matin).<\/li>\n<\/ul>\n<ul>\n<li>Je comprends que <em>Tu La Veux, Tu L\u2019Auras<\/em> est un guide \u00e9lectronique au format pdf de 192 pages.<\/li>\n<\/ul>\n<ul>\n<li>Je comprends que la commande se fera via Paypal, le syst\u00e8me de paiement en ligne le plus fiable et s\u00e9curis\u00e9 au monde. Je comprends \u00e9galement que toi, Konsti, tu n\u2019auras AUCUN acc\u00e8s \u00e0 mes infos personnelles, sauf \u00e0 mon adresse e-mail pour pouvoir communiquer avec moi.<\/li>\n<\/ul>\n<ul>\n<li>Je comprends que le prix de <em>Tu La Veux, Tu L\u2019Auras<\/em> est de 39\u20ac.<\/li>\n<\/ul>\n<ul>\n<li>Je comprends que je re\u00e7ois une garantie 100% satisfait ou rembours\u00e9 de 60 jours. Si je ne suis pas satisfait pour n\u2019importe quelle raison, je serai rembours\u00e9 et je pourrais garder mon exemplaire de <em>Tu La Veux, Tu L\u2019Auras<\/em>.<\/li>\n<\/ul>\n<p>Clique\u00a0sur le bouton de commande\u00a0S\u00c9CURIS\u00c9\u00a0ci-dessous pour t\u00e9l\u00e9charger <em>Tu La Veux, Tu L&#8217;Auras\u00a0<\/em>sans aucun risque pour une p\u00e9riode d\u2019essai de 60 jours&nbsp;!<\/p>\n<p><a href=\"http:\/\/www.coachdrague.com\/?wp_eStore_buy_now=8\" rel=\"nofollow\"><img loading=\"lazy\" decoding=\"async\" class=\"aligncenter wp-image-11941 size-full\" src=\"https:\/\/www.coachdrague.com\/blog\/wp-content\/uploads\/2015\/01\/bouton-et-logos-paiement-500x213.jpg\" alt=\"Clique ici pour t\u00e9l\u00e9charger ton exemplaire de Tu La Veux, Tu L'Auras\" width=\"500\" height=\"213\" srcset=\"https:\/\/www.coachdrague.com\/blog\/wp-content\/uploads\/2015\/01\/bouton-et-logos-paiement-500x213.jpg 500w, https:\/\/www.coachdrague.com\/blog\/wp-content\/uploads\/2015\/01\/bouton-et-logos-paiement-500x213-300x127.jpg 300w\" sizes=\"(max-width: 500px) 100vw, 500px\" \/><\/a><\/p>\n<\/div>\n<p>Encore une derni\u00e8re chose\u2026<\/p>\n<p>Je ne sais \u00e9videmment pas ce que\u00a0<em>Tu La Veux, Tu L\u2019Auras<\/em>\u00a0signifiera <em>exactement<\/em> pour toi. Je sais que, si tu appliques les concepts et techniques, tes r\u00e9sultats se situeront entre ces 2 extr\u00eames&nbsp;:<\/p>\n<ul>\n<li>Ou bien elle succombera \u00e0 ton charme et charisme irr\u00e9sistibles et se jettera dans tes bras. Tu la sentiras litt\u00e9ralement fondre et te dire\u2026 &#8220;Comment ai-je pu douter un seul instant&nbsp;?&#8221;<\/li>\n<\/ul>\n<ul>\n<li>Ou bien tu seras lib\u00e9r\u00e9 et en paix. Tu ne souffriras plus. Tu auras l\u2019esprit tranquille. La peur, les doutes, la frustration et la honte, \u00e7a sera du pass\u00e9. Et\u2026 tu disposeras de tous les outils n\u00e9cessaires pour ne plus jamais commettre les m\u00eames erreurs. De telles histoires <del>d\u2019amour<\/del> de douleur et de frustration, tu n\u2019en vivras PLUS JAMAIS&nbsp;!<\/li>\n<\/ul>\n<p><em>Tu La Veux, Tu L\u2019Auras<\/em> contient les concepts et techniques qui m\u2019ont aid\u00e9 moi et un tas d\u2019autres hommes \u00e0 conqu\u00e9rir le c\u0153ur de ces femmes qui nous plaisent vraiment\u2026 Je te garantis que <em>Tu La Veux, Tu L\u2019Auras<\/em> pourra t\u2019aider toi aussi.<\/p>\n<p>Je re\u00e7ois r\u00e9guli\u00e8rement des t\u00e9moignages d\u2019hommes (certains sont devenus des amis d\u2019ailleurs) me remerciant de leur avoir ouvert les yeux. <strong>Ils ne peuvent toujours pas croire ce qui leur est arriv\u00e9 et la RAPIDIT\u00c9 avec laquelle \u00e7a leur est arriv\u00e9.<\/strong> Je remercie d\u2019ailleurs ceux qui ont fait l\u2019effort de partager <a href=\"https:\/\/www.coachdrague.com\/blog\/tu-la-veux-tu-l-auras\/page-9\/#commentform\" rel=\"nofollow\">leurs t\u00e9moignages en bas de cet article<\/a>\u2026 (Ceci est un article organique qui est r\u00e9guli\u00e8rement modifi\u00e9e suite au feedback des lecteurs.)<\/p>\n<p>Si tu d\u00e9cides de ne pas t\u00e9l\u00e9charger\u00a0<em>Tu La Veux, Tu L\u2019Auras<\/em> o\u00f9 te trouveras-tu demain&nbsp;?<\/p>\n<p>Je vais te le dire\u00a0: avec ton approche actuelle, tu t\u2019enfonceras encore plus profond\u00e9ment dans la &#8220;friend zone&#8221;. La &#8220;friend zone&#8221; signifie en r\u00e9alit\u00e9\u00a0:<\/p>\n<blockquote><p>Je ne ressens rien pour toi. Tu es trop mou, gentil et pr\u00e9visible. Je pr\u00e9f\u00e8re te garder comme ami, car je ne veux pas te blesser. Et en plus, \u00e7a m\u2019arrange que tu me rendes service et que tu flattes mon ego.<\/p><\/blockquote>\n<p>Si tu d\u00e9cides de ne pas t\u00e9l\u00e9charger <em>Tu La Veux, Tu L\u2019Auras<\/em>\u2026<\/p>\n<p>Si tu d\u00e9cides de ne pas changer de cap\u2026<\/p>\n<p>Si tu d\u00e9cides de ne pas tester les 8 r\u00e8gles qui ont fait leurs preuves encore et encore\u2026<\/p>\n<p>REGRETTERAS-TU \u00e0 un moment ou \u00e0 un autre de ne pas avoir saisi cette chance&nbsp;?<\/p>\n<p>Oh que OUI\u00a0!<\/p>\n<p>Des mecs trainant des pieds, le regard baiss\u00e9 et la queue entre les jambes, j\u2019en ai vu plus qu\u2019assez.<\/p>\n<p>Je ne peux pas d\u00e9cider \u00e0 ta place\u2026 C\u2019est \u00e0 toi de prendre la bonne d\u00e9cision.<\/p>\n<p><a href=\"http:\/\/www.coachdrague.com\/?wp_eStore_buy_now=8\" rel=\"nofollow\">Clique ici pour t\u00e9l\u00e9charger ton exemplaire de\u00a0<em>Tu La Veux, Tu L&#8217;Auras<\/em> !<\/a><\/p>\n<p>Je te remercie pour ton attention.<\/p>\n<p>Je souhaite sinc\u00e8rement, avec ou sans mon aide, que tu vives une magnifique histoire d\u2019amour avec\u2026 elle.<\/p>\n<p>Si tu as des questions, n\u2019h\u00e9site pas \u00e0 me contacter par e-mail, sms ou t\u00e9l\u00e9phone.<\/p>\n<p>Amicalement,<br \/>\n<img decoding=\"async\" class=\"full-width\" src=\"http:\/\/www.coachdrague.com\/wp-content\/uploads\/2014\/02\/signature-konsti.jpg\" alt=\"\" border=\"0\" \/><br \/>\nKonstantin &#8220;Konsti&#8221; Vodenitcharov<br \/>\nPsychologue, dragueur direct et coach de drague<br \/>\nHuman Attraction s.c.r.l.<br \/>\nKonsti@HumanAttraction.be<br \/>\n+32 485&nbsp;065&nbsp;273<\/p>\n<p><strong>P.S.<\/strong> Tu lis cet article, car tu souhaites s\u00e9duire cette femme en particulier. Comme psychologue et coach de drague \u00e0 temps plein, je peux te dire avec 100% de certitude qu\u2019avec ta d\u00e9marche actuelle tu te retrouveras dans la &#8220;friend zone&#8221;.<\/p>\n<p>Tu te feras rejeter\u00a0!<\/p>\n<p>Mais il y a moyen de renverser la tendance. Dans le guide <em>Tu La Veux, Tu L\u2019Auras<\/em> tu d\u00e9couvriras\u00a0:<\/p>\n<ul>\n<li>Les 8 r\u00e8gles \u00e0 respecter absolument pour s\u00e9duire cette femme. En respectant ces 8 r\u00e8gles, tu deviendras<strong> plus confiant, dominant et charismatique&nbsp;; tu pulv\u00e9riseras la peur d\u2019\u00e9chouer, les doutes et la frustration&nbsp;; et tu sauras exactement que dire, mot pour mot, quand et comment le dire afin de la s\u00e9duire r\u00e9ellement.<\/strong><\/li>\n<\/ul>\n<ul>\n<li>Des exemples concrets et des \u00e9tudes de cas \u2013 de mecs qui ont \u00e9chou\u00e9 (qui se sont fait rejeter, voire ARNAQUER) et d\u2019autres qui ont r\u00e9ussi \u00e0 s\u00e9duire cette femme en particulier \u2013 analys\u00e9s en d\u00e9tail afin de mieux comprendre ce qu\u2019il faut faire et ce qu\u2019il ne faut surtout pas faire.<\/li>\n<\/ul>\n<ul>\n<li>Les 8 r\u00e8gles &#8220;traduites&#8221; en exercices pratiques pour devenir plus confiant, dominant et charismatique&nbsp;; pour pulv\u00e9riser la peur d\u2019\u00e9chouer, les doutes et la frustration&nbsp;; pour savoir exactement que dire, mot pour mot, quand et comment le dire afin de la s\u00e9duire r\u00e9ellement.<\/li>\n<\/ul>\n<p><a href=\"http:\/\/www.coachdrague.com\/?wp_eStore_buy_now=8\">Pour t\u00e9l\u00e9charger ton exemplaire de <em>Tu La Veux, Tu L\u2019Auras<\/em>, clique ici\u00a0!<\/a> Tu b\u00e9n\u00e9ficies d\u2019une garantie 100% satisfait ou rembours\u00e9 de 60 jours. Si tu n\u2019es pas satisfait, fais-le moi savoir dans les 60 jours suivant ta commande et je te rembourse sans poser de questions.<\/p>\n<p><strong>P.P.S.\u00a0<\/strong>Apr\u00e8s avoir lu\u00a0<em>Tu La Veux, Tu L\u2019Auras<\/em>, reviens ici et dis-moi ce que tu en penses. Ou si tu as encore des questions, tu peux \u00e9galement me les poser ci-dessous, dans les commentaires&#8230;<\/p>","protected":false},"excerpt":{"rendered":"<p>Que donnerais-tu pour ne PLUS JAMAIS souffrir \u00e0 cause d\u2019une femme&nbsp;? Que donnerais-tu pour devenir l\u2019homme s\u00e9duisant, charismatique et confiant qui sait exactement que dire et que faire pour r\u00e9ellement LA faire craquer&nbsp;? Mieux encore&nbsp;: LES faire craquer&nbsp;? Que donnerais-tu pour voir son regard plein de d\u00e9sir, d\u2019envie et d\u2019admiration&nbsp;? Que donnerais-tu pour ressentir [&hellip;]<\/p>","protected":false},"author":2,"featured_media":0,"parent":11872,"menu_order":0,"comment_status":"open","ping_status":"closed","template":"","meta":{"_monsterinsights_skip_tracking":false,"_monsterinsights_sitenote_active":false,"_monsterinsights_sitenote_note":"","_monsterinsights_sitenote_category":0,"footnotes":""},"_links":{"self":[{"href":"https:\/\/www.coachdrague.com\/blog\/wp-json\/wp\/v2\/pages\/11914"}],"collection":[{"href":"https:\/\/www.coachdrague.com\/blog\/wp-json\/wp\/v2\/pages"}],"about":[{"href":"https:\/\/www.coachdrague.com\/blog\/wp-json\/wp\/v2\/types\/page"}],"author":[{"embeddable":true,"href":"https:\/\/www.coachdrague.com\/blog\/wp-json\/wp\/v2\/users\/2"}],"replies":[{"embeddable":true,"href":"https:\/\/www.coachdrague.com\/blog\/wp-json\/wp\/v2\/comments?post=11914"}],"version-history":[{"count":6,"href":"https:\/\/www.coachdrague.com\/blog\/wp-json\/wp\/v2\/pages\/11914\/revisions"}],"predecessor-version":[{"id":13580,"href":"https:\/\/www.coachdrague.com\/blog\/wp-json\/wp\/v2\/pages\/11914\/revisions\/13580"}],"up":[{"embeddable":true,"href":"https:\/\/www.coachdrague.com\/blog\/wp-json\/wp\/v2\/pages\/11872"}],"wp:attachment":[{"href":"https:\/\/www.coachdrague.com\/blog\/wp-json\/wp\/v2\/media?parent=11914"}],"curies":[{"name":"wp","href":"https:\/\/api.w.org\/{rel}","templated":true}]}}