{"id":11910,"date":"2015-01-30T00:28:48","date_gmt":"2015-01-29T23:28:48","guid":{"rendered":"http:\/\/www.coachdrague.com\/blog\/?page_id=11910"},"modified":"2017-12-30T01:44:41","modified_gmt":"2017-12-30T00:44:41","slug":"page-8","status":"publish","type":"page","link":"https:\/\/www.coachdrague.com\/blog\/tu-la-veux-tu-l-auras\/page-8\/","title":{"rendered":""},"content":{"rendered":"<h2>Comment savoir si <em>Tu La Veux, Tu L&#8217;Auras<\/em> est fait pour toi&nbsp;?<\/h2>\n<ul>\n<li>Tu as des sentiments pour cette femme en particulier (peu importe si vous vous connaissez depuis des ann\u00e9es ou si tu ne lui as pas encore adress\u00e9 la parole) et tu ne sais pas comment t\u2019y prendre pour la s\u00e9duire.<\/li>\n<\/ul>\n<ul>\n<li>Si tu es sur le point de lui faire une d\u00e9claration, alors\u2026 <strong>STOP&nbsp;!<\/strong> Lis d\u2019abord <em>Tu La Veux, Tu L\u2019Auras<\/em>, <strong>sinon tu vas FOIRER<\/strong> ! Comment puis-je en \u00eatre si certain&nbsp;? Parce que sinon tu ne serais pas en train de lire cette page. Tu lis cette page car tu as besoin d\u2019infos, tu as besoin d\u2019\u00eatre rassur\u00e9, car tu n\u2019as pas suffisamment de contr\u00f4le sur la situation avec cette femme. Les hommes qui savent comment s\u2019y prendre pour s\u00e9duire cette femme, ne vont pas se renseigner sur internet. Je t\u2019explique autrement&nbsp;: quand tu sais comment nager, tu ne vas pas chercher sur internet &#8220;comment nager&#8221;\u2026<\/li>\n<\/ul>\n<ul>\n<li>Tu en as marre du statut quo avec cette femme. Quoi que tu fasses, <strong>la situation reste bloqu\u00e9e<\/strong>. Tu veux tout simplement te d\u00e9barrasser de l\u2019h\u00e9sitation, du doute et de la frustration. Tu veux retrouver la paix\u2026 tout simplement.<\/li>\n<\/ul>\n<ul>\n<li>Tu te retrouves r\u00e9guli\u00e8rement <strong>dans la &#8220;friend zone&#8221;<\/strong> avec celles qui te plaisent.<\/li>\n<\/ul>\n<ul>\n<li>Avec les femmes qui ne t\u2019int\u00e9ressent pas tu restes toi-m\u00eame et tu arrives \u00e0 les attirer facilement. Par contre, avec les femmes qui te plaisent vraiment, tu perds tes moyens et tu n\u2019oses pas faire le pas ou bien tu te fais rejeter.<\/li>\n<\/ul>\n<ul>\n<li>Si tu souhaites augmenter ton succ\u00e8s aupr\u00e8s des femmes en g\u00e9n\u00e9ral, alors <em>Tu La Veux, Tu L\u2019Auras<\/em> est \u00e9galement fait pour toi. Une partie des clients disent ne pas avoir de sentiments pour une femme en particulier, mais qu\u2019ils veulent juste augmenter leur succ\u00e8s aupr\u00e8s des femmes.<\/li>\n<\/ul>\n<h2>3 indices que <em>Tu La Veux, Tu L&#8217;Auras<\/em> n&#8217;est pas fait pour toi&nbsp;:<\/h2>\n<ul>\n<li>Si tu souhaites r\u00e9cup\u00e9rer ton ex, alors <em>Tu La Veux, Tu L\u2019Auras<\/em> n\u2019est pas fait pour toi.<\/li>\n<\/ul>\n<ul>\n<li>Si tu souhaites te procurer <em>Tu La Veux, Tu L\u2019Auras<\/em> juste pour le lire sans mettre en pratique les techniques efficaces, alors je te conseille de ne pas gaspiller ton argent. Tu peux tr\u00e8s bien te masturber intellectuellement gratuitement.<\/li>\n<\/ul>\n<ul>\n<li>Si tu as des sentiments de haine et de vengeance vis-\u00e0-vis de <em>cette<\/em> femme ou des femmes en g\u00e9n\u00e9ral, alors <em>Tu La Veux, Tu L\u2019Auras<\/em> n\u2019est pas fait pour toi.<\/li>\n<\/ul>\n<h2><em>Tu La Veux, Tu L&#8217;Auras<\/em> est unique en son genre<\/h2>\n<p><em>Tu La Veux, Tu L\u2019Auras<\/em> est sp\u00e9cialement con\u00e7u pour l\u2019homme voulant mettre toutes les chances de son c\u00f4t\u00e9 afin de s\u00e9duire cette femme en particulier.<\/p>\n<p>Ce qui distingue <em>Tu La Veux, Tu L\u2019Auras<\/em> de tous les autres guides de drague sont ces fameuses 8 r\u00e8gles.<\/p>\n<p>En respectant ces 8 r\u00e8gles, tu deviendras <strong>plus confiant, dominant et charismatique&nbsp;; tu pulv\u00e9riseras la peur d\u2019\u00e9chouer, les doutes et la frustration&nbsp;; et tu sauras exactement que dire, mot pour mot, quand et comment le dire afin de la s\u00e9duire r\u00e9ellement.<\/strong><\/p>\n<p>Mieux encore&#8230;<\/p>\n<p>J&#8217;ai traduit ces 8 r\u00e8gles en exercices pratiques pour t&#8217;aider \u00e0 devenir plus confiant, dominant et charismatique\u00a0; pour pulv\u00e9riser la peur d\u2019\u00e9chouer, les doutes et la frustration\u00a0; pour savoir exactement que dire, mot pour mot, quand et comment le dire afin de la s\u00e9duire r\u00e9ellement.<\/p>\n<p>Ces exercices puissants te feront passer \u00e9tape par \u00e9tape, de mani\u00e8re fluide et naturelle, de &#8220;J\u2019ai peur de la perdre.&#8221; \u00e0&#8230;<\/p>\n<h2>&#8220;Je fonce, car je suis confiant et en paix. Je sais exactement quoi dire et quoi faire pour la s\u00e9duire r\u00e9ellement&nbsp;!&#8221;<\/h2>\n<p><em>Tu La Veux, Tu L\u2019Auras<\/em> n\u2019est pas un guide de drague light contenant des conseils light \u00e0 la &#8220;Prends soin de toi, d\u00e9veloppe ta confiance en toi, ne montre pas ton int\u00e9r\u00eat, montre que tu es le prix, ne lui fais pas de compliments, etc.&#8221;<\/p>\n<p><em>Tu La Veux, Tu L\u2019Auras<\/em> est LE guide de drague le plus sain, le plus mature et le plus r\u00e9aliste sur le march\u00e9 francophone.<\/p>\n<p>Il a \u00e9t\u00e9 \u00e9crit par un psychologue et coach de drague \u00e0 temps plein de 35 ans qui m\u00e8ne plusieurs relations intimes simultan\u00e9ment en toute honn\u00eatet\u00e9 et \u00e7a depuis des ann\u00e9es.<\/p>\n<p><em>Tu La Veux, Tu L\u2019Auras<\/em> a \u00e9t\u00e9 \u00e9crit par un expert en amour&nbsp;!<\/p>\n<p>Laisse-moi <a href=\"https:\/\/www.coachdrague.com\/blog\/tu-la-veux-tu-l-auras\/page-9\/\" rel=\"nofollow\">te poser une question (clique ici)\u2026<\/a><\/p>","protected":false},"excerpt":{"rendered":"<p>Comment savoir si Tu La Veux, Tu L&#8217;Auras est fait pour toi&nbsp;? Tu as des sentiments pour cette femme en particulier (peu importe si vous vous connaissez depuis des ann\u00e9es ou si tu ne lui as pas encore adress\u00e9 la parole) et tu ne sais pas comment t\u2019y prendre pour la s\u00e9duire. Si tu es [&hellip;]<\/p>","protected":false},"author":2,"featured_media":0,"parent":11872,"menu_order":0,"comment_status":"closed","ping_status":"closed","template":"","meta":{"_monsterinsights_skip_tracking":false,"_monsterinsights_sitenote_active":false,"_monsterinsights_sitenote_note":"","_monsterinsights_sitenote_category":0,"footnotes":""},"_links":{"self":[{"href":"https:\/\/www.coachdrague.com\/blog\/wp-json\/wp\/v2\/pages\/11910"}],"collection":[{"href":"https:\/\/www.coachdrague.com\/blog\/wp-json\/wp\/v2\/pages"}],"about":[{"href":"https:\/\/www.coachdrague.com\/blog\/wp-json\/wp\/v2\/types\/page"}],"author":[{"embeddable":true,"href":"https:\/\/www.coachdrague.com\/blog\/wp-json\/wp\/v2\/users\/2"}],"replies":[{"embeddable":true,"href":"https:\/\/www.coachdrague.com\/blog\/wp-json\/wp\/v2\/comments?post=11910"}],"version-history":[{"count":1,"href":"https:\/\/www.coachdrague.com\/blog\/wp-json\/wp\/v2\/pages\/11910\/revisions"}],"predecessor-version":[{"id":12915,"href":"https:\/\/www.coachdrague.com\/blog\/wp-json\/wp\/v2\/pages\/11910\/revisions\/12915"}],"up":[{"embeddable":true,"href":"https:\/\/www.coachdrague.com\/blog\/wp-json\/wp\/v2\/pages\/11872"}],"wp:attachment":[{"href":"https:\/\/www.coachdrague.com\/blog\/wp-json\/wp\/v2\/media?parent=11910"}],"curies":[{"name":"wp","href":"https:\/\/api.w.org\/{rel}","templated":true}]}}