{"id":11905,"date":"2015-01-30T00:21:32","date_gmt":"2015-01-29T23:21:32","guid":{"rendered":"http:\/\/www.coachdrague.com\/blog\/?page_id=11905"},"modified":"2017-12-30T01:44:27","modified_gmt":"2017-12-30T00:44:27","slug":"page-7","status":"publish","type":"page","link":"https:\/\/www.coachdrague.com\/blog\/tu-la-veux-tu-l-auras\/page-7\/","title":{"rendered":""},"content":{"rendered":"<p>Dans <em>Tu La Veux, Tu L\u2019Auras<\/em> tu d\u00e9couvriras \u00e9galement&#8230;<\/p>\n<ul>\n<li>Quand il faut et quand il ne faut surtout pas lui dire &#8220;Je t\u2019aime&#8221;. p. 53<\/li>\n<\/ul>\n<ul>\n<li>Si, dans ta communication avec cette femme, tu commets une seule de ces 4 erreurs fatales, tu seras instantan\u00e9ment catapult\u00e9 dans la &#8220;friend zone&#8221;. p. 53<\/li>\n<\/ul>\n<ul>\n<li>Tu souhaites d\u00e9velopper une relation s\u00e9rieuse avec elle&nbsp;? Alors voici quand et quand il ne faut surtout pas lui parler de relation&nbsp;! p. 54<\/li>\n<\/ul>\n<ul>\n<li>L\u2019histoire PITOYABLE d\u2019Harry le motard et Sabine. D\u00e9couvre ses erreurs de jugement, son manque de maturit\u00e9 \u00e9motionnelle (malgr\u00e9 son \u00e2ge), comment il se laisse guider par la peur, comment il interpr\u00e8te fautivement les signes de Sabine, comment il essaie d\u2019utiliser des techniques de manipulation RIDICULES\u2026 J\u2019esp\u00e8re sinc\u00e8rement, cher lecteur, que tu ne lui ressembles pas, sinon c\u2019est tr\u00e8s mal barr\u00e9 pour toi&nbsp;! p. 57<\/li>\n<\/ul>\n<ul>\n<li>Dans l\u2019histoire de Chaton, qui aime danser le rock, tu d\u00e9couvriras quand et comment <strong>il ne faut SURTOUT pas exprimer tes sentiments<\/strong>. C&#8217;est trop mou, trop prudent, trop contradictoire et surtout&#8230; trop tard&nbsp;! p. 77<\/li>\n<\/ul>\n<ul>\n<li>Damien a r\u00e9ussi \u00e0 s\u00e9duire une femme, mais il a l\u2019impression qu\u2019elle ne s\u2019int\u00e9resse pas suffisamment \u00e0 lui. Il y a un autre \u00e9l\u00e9ment important dans la vie de cette femme&nbsp;: son ex qui devient de plus en plus pr\u00e9sent dans sa vie. Il se demande s\u2019il doit rompre ou &#8220;changer&#8221; de personnalit\u00e9 pour la garder. L\u2019histoire prend une tournure inattendue. p. 88<\/li>\n<\/ul>\n<ul>\n<li>Rachid a craqu\u00e9 pour une coll\u00e8gue. Ils se sont embrass\u00e9s dans sa voiture. Mais depuis, elle lui pose des lapins, annule les rendez-vous au dernier moment, ne r\u00e9pond plus \u00e0 ses appels ou sms\u2026 Finalement cette histoire tourne au vinaigre. Certaines femmes sont toxiques&nbsp;! Il faut les \u00e9viter. Si tu craques pour une telle femme, tu n\u2019es pas sorti de l\u2019auberge. p. 99<\/li>\n<\/ul>\n<ul>\n<li>Jeff est amoureux de cette femme. Bien que les conditions ne jouent pas en leur faveur, en appliquant les 8 r\u00e8gles, il a r\u00e9ussi \u00e0 la s\u00e9duire. <strong>Ils ont fait l\u2019amour comme au plus jeune \u00e2ge. Ils s\u2019appellent 3 fois par jour, ils s\u2019envoient des sms \u00e0 tout va\u2026 Ils sont fous amoureux.<\/strong> C\u2019est m\u00eame inqui\u00e9tant, tellement leurs sentiments sont violents. p. 121<\/li>\n<\/ul>\n<ul>\n<li><strong>La seule et unique fa\u00e7on de d\u00e9clarer ton amour.<\/strong> Si tu le fais autrement, je te le garantis, tu te feras REJETER&nbsp;! Et comment j\u2019ai appliqu\u00e9 les 8 r\u00e8gles pour d\u00e9clarer mon amour \u00e0 celle que j\u2019aime&nbsp;: ce que j\u2019ai dit mot pour mot, quand je l\u2019ai dit et comment je l\u2019ai dit&nbsp;! Cela fait plus de 7 ans qu\u2019on est ensemble. p. 153<\/li>\n<\/ul>\n<ul>\n<li>La r\u00e9ponse \u00e0 la question&nbsp;: est-ce possible que vous ne soyez pas compatibles&nbsp;? p. 157<\/li>\n<\/ul>\n<ul>\n<li>Quand et comment faire &#8220;le pas&#8221; ? p. 157<\/li>\n<\/ul>\n<ul>\n<li>Pourquoi il ne faut surtout pas esp\u00e9rer et attendre qu\u2019elle &#8220;change d\u2019avis&#8221; ? p. 157 et p. 162<\/li>\n<\/ul>\n<ul>\n<li><strong>Que faire si cette femme est une amie de longue date&nbsp;?<\/strong> Tu d\u00e9couvriras une strat\u00e9gie redoutable (que je d\u00e9conseille \u00e0 90% de mecs, car c\u2019est de la pure manipulation) pour que ton amie commence \u00e0 te voir comme un partenaire potentiel et pour qu\u2019elle commence \u00e0 te courir apr\u00e8s. p. 158<\/li>\n<\/ul>\n<ul>\n<li>Comment est-ce que ton statut social influence tes chances de s\u00e9duire cette femme&nbsp;? Que faire si elle a un statut social plus \u00e9lev\u00e9 que le tien&nbsp;? Que faire si tu as un statut social plus \u00e9lev\u00e9 que le sien&nbsp;? p. 160<\/li>\n<\/ul>\n<ul>\n<li>Que faire si <strong>tu t\u2019es d\u00e9j\u00e0 fait rejeter<\/strong> par cette femme&nbsp;? p. 161<\/li>\n<\/ul>\n<ul>\n<li>L\u2019importance de l\u2019environnement dans ton interaction avec cette femme et comment cr\u00e9er un environnement propice \u00e0 l\u2019intimit\u00e9&nbsp;? p. 161<\/li>\n<\/ul>\n<ul>\n<li>Pourquoi je d\u00e9conseille fortement la technique &#8220;de la rendre jalouse&#8221; pour la s\u00e9duire&nbsp;? Cette technique s\u2019av\u00e8re dangereuse et inefficace\u2026 Tu d\u00e9couvriras pourquoi sur la page 162.<\/li>\n<\/ul>\n<ul>\n<li>Que faire si elle te dit &#8220;Je pr\u00e9f\u00e8re qu\u2019on reste amis&#8221; ? <strong>Faut-il accepter son amiti\u00e9 ou pas&nbsp;?<\/strong> p. 162<\/li>\n<\/ul>\n<ul>\n<li>Des exercices uniques \u2013 sp\u00e9cialement con\u00e7us pour l\u2019homme ayant des sentiments pour cette femme \u2013 pour booster ton bonheur et pulv\u00e9riser les \u00e9motions toxiques. Tes doutes sur les intentions de cette femme, ta frustration de ne pas savoir que faire et que dire, ta peur de la perdre\u2026 C\u2019est du pass\u00e9&nbsp;! p. 165<\/li>\n<\/ul>\n<ul>\n<li>Voici une s\u00e9rie de techniques pour d\u00e9velopper l\u2019\u00e9tat d\u2019esprit du mec s\u00e9duisant, dominant, confiant et nonchalant irr\u00e9sistible \u00e0 toute femme. p. 184<\/li>\n<\/ul>\n<ul>\n<li>Comment l\u2019exciter sexuellement et <strong>lui donner envie de coucher avec toi<\/strong> ? C\u2019est ce que tu apprendras dans cet exercice. p. 185<\/li>\n<\/ul>\n<ul>\n<li>Gr\u00e2ce \u00e0 cet exercice tu sauras exactement <strong>que dire mot pour mot, et quand et comment le lui dire<\/strong>, afin de la faire craquer\u2026 \u00e0 l\u2019instant m\u00eame&nbsp;! p. 189<\/li>\n<\/ul>\n<ul>\n<li>Un coup de pied au cul FINAL pour que tu la s\u00e9duises\u2026 enfin\u2026 pour de vrai&nbsp;! p. 190<\/li>\n<\/ul>\n<p>Comment savoir si <em>Tu La Veux, Tu L&#8217;Auras<\/em> <strong>est fait pour toi&nbsp;?<\/strong><\/p>\n<p><a href=\"https:\/\/www.coachdrague.com\/blog\/tu-la-veux-tu-l-auras\/page-8\/\" rel=\"nofollow\">En cliquant ici&#8230;<\/a><\/p>","protected":false},"excerpt":{"rendered":"<p>Dans Tu La Veux, Tu L\u2019Auras tu d\u00e9couvriras \u00e9galement&#8230; Quand il faut et quand il ne faut surtout pas lui dire &#8220;Je t\u2019aime&#8221;. p. 53 Si, dans ta communication avec cette femme, tu commets une seule de ces 4 erreurs fatales, tu seras instantan\u00e9ment catapult\u00e9 dans la &#8220;friend zone&#8221;. p. 53 Tu souhaites d\u00e9velopper une [&hellip;]<\/p>","protected":false},"author":2,"featured_media":0,"parent":11872,"menu_order":0,"comment_status":"closed","ping_status":"closed","template":"","meta":{"_monsterinsights_skip_tracking":false,"_monsterinsights_sitenote_active":false,"_monsterinsights_sitenote_note":"","_monsterinsights_sitenote_category":0,"footnotes":""},"_links":{"self":[{"href":"https:\/\/www.coachdrague.com\/blog\/wp-json\/wp\/v2\/pages\/11905"}],"collection":[{"href":"https:\/\/www.coachdrague.com\/blog\/wp-json\/wp\/v2\/pages"}],"about":[{"href":"https:\/\/www.coachdrague.com\/blog\/wp-json\/wp\/v2\/types\/page"}],"author":[{"embeddable":true,"href":"https:\/\/www.coachdrague.com\/blog\/wp-json\/wp\/v2\/users\/2"}],"replies":[{"embeddable":true,"href":"https:\/\/www.coachdrague.com\/blog\/wp-json\/wp\/v2\/comments?post=11905"}],"version-history":[{"count":1,"href":"https:\/\/www.coachdrague.com\/blog\/wp-json\/wp\/v2\/pages\/11905\/revisions"}],"predecessor-version":[{"id":12914,"href":"https:\/\/www.coachdrague.com\/blog\/wp-json\/wp\/v2\/pages\/11905\/revisions\/12914"}],"up":[{"embeddable":true,"href":"https:\/\/www.coachdrague.com\/blog\/wp-json\/wp\/v2\/pages\/11872"}],"wp:attachment":[{"href":"https:\/\/www.coachdrague.com\/blog\/wp-json\/wp\/v2\/media?parent=11905"}],"curies":[{"name":"wp","href":"https:\/\/api.w.org\/{rel}","templated":true}]}}