{"id":11899,"date":"2015-01-30T00:13:31","date_gmt":"2015-01-29T23:13:31","guid":{"rendered":"http:\/\/www.coachdrague.com\/blog\/?page_id=11899"},"modified":"2017-12-30T01:44:13","modified_gmt":"2017-12-30T00:44:13","slug":"page-6","status":"publish","type":"page","link":"https:\/\/www.coachdrague.com\/blog\/tu-la-veux-tu-l-auras\/page-6\/","title":{"rendered":""},"content":{"rendered":"<p>En tant que psychologue et coach de drague professionnel \u00e0 temps plein j\u2019ai d\u00e9cid\u00e9 de partager ces fameuses 8 r\u00e8gles avec toi et ce avec grand plaisir.<\/p>\n<p>Pas besoin de commettre les m\u00eames erreurs que St\u00e9phane, Nicolas et Mr. X<\/p>\n<p>Pas besoin de parcourir le m\u00eame chemin de croix.<\/p>\n<p>L\u2019ANGOISSE, LE DOUTE, LA FRUSTRATION ET L\u2019HUMILIATION, c\u2019est du pass\u00e9\u00a0!<\/p>\n<h2>Pour t\u2019aider \u00e0 <em>enfin LA <\/em>conqu\u00e9rir R\u00c9ELLEMENT\u2026<\/h2>\n<p>Je te pr\u00e9sente\u2026<\/p>\n<p><img loading=\"lazy\" decoding=\"async\" class=\"alignnone size-full wp-image-11900\" src=\"https:\/\/www.coachdrague.com\/blog\/wp-content\/uploads\/2015\/01\/tu-la-veux-tu-lauras-tadaaaaa-640x333.png\" alt=\"tu-la-veux-tu-lauras-tadaaaaa-640x333\" width=\"640\" height=\"333\" srcset=\"https:\/\/www.coachdrague.com\/blog\/wp-content\/uploads\/2015\/01\/tu-la-veux-tu-lauras-tadaaaaa-640x333.png 640w, https:\/\/www.coachdrague.com\/blog\/wp-content\/uploads\/2015\/01\/tu-la-veux-tu-lauras-tadaaaaa-640x333-300x156.png 300w\" sizes=\"(max-width: 640px) 100vw, 640px\" \/><\/p>\n<p><em>Tu La Veux, Tu L\u2019Auras<\/em> est un guide de drague sp\u00e9cialement con\u00e7u pour l\u2019homme ayant des sentiments pour cette femme en particulier\u2026 <strong>m\u00eame si ce n\u2019est pas r\u00e9ciproque\u00a0!<\/strong><\/p>\n<p>Dans <em>Tu La Veux, Tu L\u2019Auras<\/em> tu d\u00e9couvriras\u2026<\/p>\n<ul>\n<li>Un test psychologique pour mesurer \u00e0 quel point tu es sur la bonne voie pour s\u00e9duire cette femme ou inversement \u00e0 quel degr\u00e9 tu es en train de foirer\u00a0! p. 5<\/li>\n<\/ul>\n<ul>\n<li>L\u2019histoire de Pierre et comment il s\u2019est fait rejeter 3 fois en 2 ans par les femmes qui lui plaisaient vraiment. Le pire\u2026 Il m\u2019a demand\u00e9 conseil et il ne m\u2019a pas \u00e9cout\u00e9\u00a0! p. 6<\/li>\n<\/ul>\n<ul>\n<li>Pourquoi tu veux r\u00e9ellement s\u00e9duire cette femme. Tu crois conna\u00eetre ton motif\u00a0? Tu te trompes. Tu te MENS\u00a0! p. 9<\/li>\n<\/ul>\n<ul>\n<li>Pourquoi, en essayant d\u2019\u00e9viter le r\u00e2teau, tu risques justement de t\u2019en prendre un\u00a0? p. 13<\/li>\n<\/ul>\n<ul>\n<li>Comment, en acceptant le pire sc\u00e9nario, c.\u00e0.d. le rejet et l\u2019humiliation publique, tu augmentes tes chances de la s\u00e9duire\u00a0? p. 18<\/li>\n<\/ul>\n<ul>\n<li>Comment r\u00e9duire la souffrance, la frustration et la peur du rejet\u00a0? p. 21<\/li>\n<\/ul>\n<ul>\n<li>Tu d\u00e9couvriras si oui ou non tu dois t\u2019adapter \u00e0 cette femme pour la conqu\u00e9rir. p. 25<\/li>\n<\/ul>\n<ul>\n<li>Tu d\u00e9couvriras si tu l\u2019aimes\u2026 vraiment\u00a0! Tu seras CHOQU\u00c9 de d\u00e9couvrir que ce n\u2019est pas de l\u2019amour que tu ressens pour cette femme, mais de la peur et de la possessivit\u00e9\u00a0! p. 27<\/li>\n<\/ul>\n<ul>\n<li>Tu d\u00e9couvriras si oui ou non tu dois lui montrer ton d\u00e9sir sexuel. Et comment le lui montrer ou le lui cacher afin d\u2019augmenter tes chances de la s\u00e9duire. p. 38<\/li>\n<\/ul>\n<ul>\n<li>Quand dois-tu lui montrer ton int\u00e9r\u00eat pour \u00e9viter qu\u2019elle te consid\u00e8re comme un simple ami et pour instaurer du romantisme, de l\u2019intimit\u00e9 et du d\u00e9sir dans votre interaction\u00a0? p. 44<\/li>\n<\/ul>\n<ul>\n<li>Comment lui montrer ton int\u00e9r\u00eat pour r\u00e9ellement la faire fondre, avec des exemples \u00e0 l\u2019appui\u00a0? p. 44<\/li>\n<\/ul>\n<ul>\n<li>Comment r\u00e9agir face au refus\u00a0? p. 49<\/li>\n<\/ul>\n<ul>\n<li>Quand une femme commence \u00e0 avoir de l\u2019int\u00e9r\u00eat pour un homme, elle a peur de 2 choses. D\u00e9couvre ces 2 choses et comment neutraliser cette peur, avec des exemples \u00e0 l\u2019appui. p. 51<\/li>\n<\/ul>\n<p>Dans\u00a0<em>Tu La Veux, Tu L&#8217;Auras<\/em> <a href=\"https:\/\/www.coachdrague.com\/blog\/tu-la-veux-tu-l-auras\/page-7\/\" rel=\"nofollow\">tu d\u00e9couvriras \u00e9galement (clique ici)&#8230;<\/a><\/p>","protected":false},"excerpt":{"rendered":"<p>En tant que psychologue et coach de drague professionnel \u00e0 temps plein j\u2019ai d\u00e9cid\u00e9 de partager ces fameuses 8 r\u00e8gles avec toi et ce avec grand plaisir. Pas besoin de commettre les m\u00eames erreurs que St\u00e9phane, Nicolas et Mr. X Pas besoin de parcourir le m\u00eame chemin de croix. L\u2019ANGOISSE, LE DOUTE, LA FRUSTRATION ET [&hellip;]<\/p>","protected":false},"author":2,"featured_media":0,"parent":11872,"menu_order":0,"comment_status":"closed","ping_status":"closed","template":"","meta":{"_monsterinsights_skip_tracking":false,"_monsterinsights_sitenote_active":false,"_monsterinsights_sitenote_note":"","_monsterinsights_sitenote_category":0,"footnotes":""},"_links":{"self":[{"href":"https:\/\/www.coachdrague.com\/blog\/wp-json\/wp\/v2\/pages\/11899"}],"collection":[{"href":"https:\/\/www.coachdrague.com\/blog\/wp-json\/wp\/v2\/pages"}],"about":[{"href":"https:\/\/www.coachdrague.com\/blog\/wp-json\/wp\/v2\/types\/page"}],"author":[{"embeddable":true,"href":"https:\/\/www.coachdrague.com\/blog\/wp-json\/wp\/v2\/users\/2"}],"replies":[{"embeddable":true,"href":"https:\/\/www.coachdrague.com\/blog\/wp-json\/wp\/v2\/comments?post=11899"}],"version-history":[{"count":1,"href":"https:\/\/www.coachdrague.com\/blog\/wp-json\/wp\/v2\/pages\/11899\/revisions"}],"predecessor-version":[{"id":12913,"href":"https:\/\/www.coachdrague.com\/blog\/wp-json\/wp\/v2\/pages\/11899\/revisions\/12913"}],"up":[{"embeddable":true,"href":"https:\/\/www.coachdrague.com\/blog\/wp-json\/wp\/v2\/pages\/11872"}],"wp:attachment":[{"href":"https:\/\/www.coachdrague.com\/blog\/wp-json\/wp\/v2\/media?parent=11899"}],"curies":[{"name":"wp","href":"https:\/\/api.w.org\/{rel}","templated":true}]}}