{"id":11894,"date":"2015-01-29T23:58:28","date_gmt":"2015-01-29T22:58:28","guid":{"rendered":"http:\/\/www.coachdrague.com\/blog\/?page_id=11894"},"modified":"2017-12-30T01:43:59","modified_gmt":"2017-12-30T00:43:59","slug":"page-5","status":"publish","type":"page","link":"https:\/\/www.coachdrague.com\/blog\/tu-la-veux-tu-l-auras\/page-5\/","title":{"rendered":""},"content":{"rendered":"<p>Je suis psychologue (dipl\u00f4m\u00e9 \u00e0 l\u2019universit\u00e9 de Gand et reconnu par la Commission des Psychologues de Belgique) et je travaille comme coach de drague depuis plus de 9 ans maintenant.<\/p>\n<p>J\u2019ai coach\u00e9 des centaines d\u2019hommes en live et j\u2019ai lu et r\u00e9pondu \u00e0 des milliers d\u2019e-mails me demandant de l\u2019aide pour s\u00e9duire cette femme en particulier.<\/p>\n<p>Les mecs qui se font rejeter s\u2019y prennent d\u2019une certaine fa\u00e7on. Les mecs qui r\u00e9ussissent \u00e0 conqu\u00e9rir le c\u0153ur des femmes qui leur plaisent s\u2019y prennent autrement.<\/p>\n<p>Il y a une certaine r\u00e9gularit\u00e9, un certain sch\u00e9ma\u2026<\/p>\n<p>Ce sont toujours les m\u00eames \u00e9l\u00e9ments qui reviennent et ce sont exactement ces m\u00eames \u00e9l\u00e9ments qui s\u00e9parent St\u00e9phane, Nicolas et Mr. X d\u2019une part et Julian, Anthony et guiguijeff d\u2019autre part&nbsp;!<\/p>\n<p>Au fil des ann\u00e9es j\u2019ai r\u00e9ussi \u00e0 isoler ces \u00e9l\u00e9ments, ces facteurs de succ\u00e8s.<\/p>\n<p>Pour \u00eatre pr\u00e9cis, il s\u2019agit de 8 r\u00e8gles\u2026<\/p>\n<h2>LES 8 r\u00e8gles \u00e0 respecter ABSOLUMENT si tu souhaites s\u00e9duire <em>cette<\/em> femme en particulier&nbsp;!<\/h2>\n<p>Quand j\u2019ai expliqu\u00e9 ma vision des relations intimes \u00e0 ma m\u00e8re, et plus pr\u00e9cis\u00e9ment les 8 r\u00e8gles et comment je les applique, elle m\u2019a dit&nbsp;:<\/p>\n<blockquote><p>Je suis tr\u00e8s fi\u00e8re de toi, mon fils. M\u00eame avec ton p\u00e8re [ils ont \u00e9t\u00e9 mari\u00e9s pendant 15 ans] je n\u2019ai jamais eu une telle intimit\u00e9, une telle complicit\u00e9, une telle confiance.<\/p><\/blockquote>\n<p>Ma tante y a ajout\u00e9&nbsp;:<\/p>\n<blockquote><p>Arr\u00eate de parler comme \u00e7a, car je risque de tomber amoureuse de toi.<\/p><\/blockquote>\n<p>Oui, ma propre tante. Et non, elle n\u2019est pas folle.<\/p>\n<p>Ce n\u2019est que le d\u00e9but\u2026<\/p>\n<p>Gr\u00e2ce \u00e0 ces 8 r\u00e8gles, j\u2019ai r\u00e9ussi \u00e0&#8230;<\/p>\n<h2>&#8230; s\u00e9duire la femme dont j\u2019\u00e9tais amoureux<\/h2>\n<p>Cette femme est devenue MA femme.<\/p>\n<p>Cela fait plus de 7 ans que nous sommes ensemble. Et nous venons de f\u00eater les 2 ans de notre fils&nbsp;: famille, amis, g\u00e2teaux, cadeaux\u2026<\/p>\n<p>Un moment magique&nbsp;!<\/p>\n<p>Le meilleur reste \u00e0 venir\u2026<\/p>\n<p>(Ou le pire, \u00e7a d\u00e9pend de ton point de vue.)<\/p>\n<p>\u00c0 part ma relation avec ma femme, j\u2019ai plusieurs petites amies intimes (des ma\u00eetresses, des fuckfriends, des plans cul, des copines, appelle-les comme tu veux) et \u00e7a depuis des ann\u00e9es.<\/p>\n<h2>Et tout \u00e7a se passe en toute honn\u00eatet\u00e9&nbsp;!<\/h2>\n<p>Il n\u2019y a pas de drame, pas de mensonges, pas de jeux de pouvoir, pas d\u2019\u00e9motions toxiques\u2026<\/p>\n<p>Que du bonheur et du plaisir&nbsp;!<\/p>\n<p>Une de mes copines me balance un jour&nbsp;:<\/p>\n<blockquote><p>Qu\u2019on va bien ensemble et que je suis le partenaire id\u00e9al (pour une relation s\u00e9rieuse)\u2026<\/p><\/blockquote>\n<p>Une autre&nbsp;:<\/p>\n<blockquote><p>Que \u00e7a doit \u00eatre chouette d\u2019habiter avec moi\u2026<\/p><\/blockquote>\n<p>Quoi, moi&nbsp;?<\/p>\n<p>Moi qui croyais avoir un caract\u00e8re insupportable\u2026 :-O<\/p>\n<p>Une femme, un gosse et plusieurs copines, tu peux trouver \u00e7a magnifique ou inadmissible, mais ce n\u2019est pas ce qui compte.<\/p>\n<p>Ce qui compte est que pour s\u00e9duire ces femmes et pour les garder, j\u2019ai appliqu\u00e9 les 8 r\u00e8gles.<\/p>\n<p>Attention&nbsp;!<\/p>\n<p>Je me dois de pr\u00e9ciser les points suivants&nbsp;:<\/p>\n<ul>\n<li>Je ne suis pas riche. Bien au contraire. J\u2019ai v\u00e9cu pendant des ann\u00e9es sous le seuil de pauvret\u00e9. \u00c7a ne m\u2019a pas du tout emp\u00each\u00e9 d\u2019avoir du succ\u00e8s aupr\u00e8s des femmes. J\u2019ai 35 ans et je n\u2019ai toujours pas de permis de conduire (et donc pas de voiture).<\/li>\n<\/ul>\n<ul>\n<li>Je ne suis pas sp\u00e9cialement beau. Physiquement parlant je suis un monsieur Tout-le-monde.<\/li>\n<\/ul>\n<ul>\n<li>Je ne suis pas c\u00e9libataire. Avant de conclure avec ces femmes qui me plaisent, je leur fait clairement comprendre que j\u2019ai une femme, un gosse et que je vois d\u2019autres femmes. Je leur dis la v\u00e9rit\u00e9 par principe.<\/li>\n<\/ul>\n<p>Bref, gr\u00e2ce aux 8 r\u00e8gles je m\u00e8ne une vie intime \u00e9panouie\u00a0!<\/p>\n<p>Et toi, cher lecteur&#8230;<\/p>\n<h2>Tu peux \u00e9galement mener une vie intime \u00e9panouie&nbsp;!<\/h2>\n<p><a href=\"https:\/\/www.coachdrague.com\/blog\/tu-la-veux-tu-l-auras\/page-6\/\" rel=\"nofollow\">Voici comment (clique ici)&#8230;<\/a><\/p>","protected":false},"excerpt":{"rendered":"<p>Je suis psychologue (dipl\u00f4m\u00e9 \u00e0 l\u2019universit\u00e9 de Gand et reconnu par la Commission des Psychologues de Belgique) et je travaille comme coach de drague depuis plus de 9 ans maintenant. J\u2019ai coach\u00e9 des centaines d\u2019hommes en live et j\u2019ai lu et r\u00e9pondu \u00e0 des milliers d\u2019e-mails me demandant de l\u2019aide pour s\u00e9duire cette femme en [&hellip;]<\/p>","protected":false},"author":2,"featured_media":0,"parent":11872,"menu_order":0,"comment_status":"closed","ping_status":"closed","template":"","meta":{"_monsterinsights_skip_tracking":false,"_monsterinsights_sitenote_active":false,"_monsterinsights_sitenote_note":"","_monsterinsights_sitenote_category":0,"footnotes":""},"_links":{"self":[{"href":"https:\/\/www.coachdrague.com\/blog\/wp-json\/wp\/v2\/pages\/11894"}],"collection":[{"href":"https:\/\/www.coachdrague.com\/blog\/wp-json\/wp\/v2\/pages"}],"about":[{"href":"https:\/\/www.coachdrague.com\/blog\/wp-json\/wp\/v2\/types\/page"}],"author":[{"embeddable":true,"href":"https:\/\/www.coachdrague.com\/blog\/wp-json\/wp\/v2\/users\/2"}],"replies":[{"embeddable":true,"href":"https:\/\/www.coachdrague.com\/blog\/wp-json\/wp\/v2\/comments?post=11894"}],"version-history":[{"count":1,"href":"https:\/\/www.coachdrague.com\/blog\/wp-json\/wp\/v2\/pages\/11894\/revisions"}],"predecessor-version":[{"id":12912,"href":"https:\/\/www.coachdrague.com\/blog\/wp-json\/wp\/v2\/pages\/11894\/revisions\/12912"}],"up":[{"embeddable":true,"href":"https:\/\/www.coachdrague.com\/blog\/wp-json\/wp\/v2\/pages\/11872"}],"wp:attachment":[{"href":"https:\/\/www.coachdrague.com\/blog\/wp-json\/wp\/v2\/media?parent=11894"}],"curies":[{"name":"wp","href":"https:\/\/api.w.org\/{rel}","templated":true}]}}