{"id":11890,"date":"2015-01-29T23:10:31","date_gmt":"2015-01-29T22:10:31","guid":{"rendered":"http:\/\/www.coachdrague.com\/blog\/?page_id=11890"},"modified":"2017-12-30T01:43:45","modified_gmt":"2017-12-30T00:43:45","slug":"page-4","status":"publish","type":"page","link":"https:\/\/www.coachdrague.com\/blog\/tu-la-veux-tu-l-auras\/page-4\/","title":{"rendered":""},"content":{"rendered":"<p>Elle se d\u00e9place pour Anthony et lui offre un cadeau d\u2019une valeur de 70\u20ac.<\/p>\n<blockquote><p>Salut&nbsp;!!! Mon pote&nbsp;!!<\/p>\n<p>Entre moi et elle s\u2019est l\u2019amour fou. On c\u2019est vu 5 fois et on s\u2019aime \u00e9norm\u00e9ment.<\/p>\n<p>Elle se d\u00e9place pour venir me voir alors qu\u2019on habite loin l\u2019un de l\u2019autre et elle m\u2019a offert un cadeau d\u2019une valeur de 70\u20ac.<\/p>\n<p>Et encore merci pour tout ce que tu fais.<\/p>\n<p><em>(Le t\u00e9moignage original se trouve plus loin dans cet article, dans les commentaires. Cet article \u00e9volue de mani\u00e8re \u201corganique\u201d suite au feedback des lecteurs.)<\/em><\/p><\/blockquote>\n<p>\u00c0 34 ans Julian est pour la 1e fois de sa vie r\u00e9ellement heureux. Voici ce qu&#8217;il \u00e9crit&nbsp;:<\/p>\n<blockquote><p>Salut Konsti,<\/p>\n<p>Apr\u00e8s une relation de plus de 11 ann\u00e9es qui s\u2019est termin\u00e9 tr\u00e8s difficilement, je suis tomb\u00e9 dans un trou noir pendant 1 ann\u00e9e (grosse d\u00e9pression, perte de confiance, perte de travail, perte d\u2019amis). Apr\u00e8s avoir tout perdu, j\u2019ai voulu prendre ma vie en main et repartir sur des nouvelles bases et c\u2019est ainsi que j\u2019ai commenc\u00e9 \u00e0 lire tes livres et j\u2019ai beaucoup travaill\u00e9.<\/p>\n<p>Maintenant, 1 an est pass\u00e9 et le constat est vraiment positif\u2026 je suis maintenant un mec ouvert, constamment entour\u00e9 d\u2019amis et amies&nbsp;;-), j\u2019ai retrouv\u00e9 une confiance en moi que je n\u2019aurai jamais esp\u00e9r\u00e9, et de l\u00e0, je d\u00e9gage un charisme&nbsp;;-)<\/p>\n<p>Gr\u00e2ce \u00e0 tout \u00e7a, je suis pass\u00e9 de la petite Gina du fond de mon quartier au QI d\u2019un poisson rouge qui \u00e9tait avec moi QUE pour mon argent \u00e0 la Bourge Bruxelloise aux mensurations de r\u00eave et super intelligente, qui est r\u00e9ellement amoureuse de moi et qui me fait tous mes caprices et m\u00eame les plus lubriques&nbsp;;-)<\/p>\n<p>J\u2019ai maintenant 34 ans et pour la 1\u00e8re fois de ma vie, je peux me dire\u2026. Je suis r\u00e9ellement heureux\u2026<\/p>\n<p>Merci \u00e0 toi Konsti&nbsp;;-)<\/p>\n<p><em>(Le t\u00e9moignage original se trouve plus loin dans cet article, dans les commentaires. Cet article \u00e9volue de mani\u00e8re \u201corganique\u201d suite au feedback des lecteurs.)<\/em><\/p><\/blockquote>\n<p>Guiguijeff a suivi mes conseils. Elle a accept\u00e9 l\u2019invitation. C\u2019est le coup de foudre. Voici son message&nbsp;:<\/p>\n<blockquote><p>Konsti j\u2019ai encore un truc \u00e0 te dire&nbsp;: t\u2019es vraiment trop fort&nbsp;;-)<\/p>\n<p>j\u2019ai un autre truc \u00e0 te demander&nbsp;: comment je peux te remercier&nbsp;? car tes conseils m\u2019ont vraiment aid\u00e9<\/p>\n<p>J\u2019ai donc suivi tes conseils. J\u2019ai accept\u00e9 mes \u00e9motions et je les ai exprim\u00e9s mais je suis rest\u00e9 confiant et ma\u00eetre de moi.<\/p>\n<p>R\u00e9sultat&nbsp;: elle a accept\u00e9 l\u2019invitation et c\u2019est le coup de foudre\u2026<\/p>\n<p>On s\u2019est retrouv\u00e9 et on a fait l\u2019amour comme au plus jeune \u00e2ge.<\/p>\n<p>Maintenant c\u2019est de la folie pure. On s\u2019appelle 3 fois par jour, on s\u2019envoie des sms \u00e0 tout va\u2026<\/p>\n<p>Nous sommes fous amoureux. Elle m\u2019\u00e9crit des trucs que m\u00eame ma femme ne m\u2019a jamais \u00e9crits.<\/p>\n<p>C\u2019est irr\u00e9sistible. On se d\u00e9sire tout le temps. C\u2019est tr\u00e8s fort. Je la sens en moi et elle pareil. On r\u00eave de nos corps et d\u2019amours \u00e9perdus. Mais ce n\u2019est pas une pulsion passag\u00e8re. C\u2019est un d\u00e9sir de dur\u00e9e, de croissance. On ressent une forte attirance, mais aussi de l\u2019attachement et une confiance profonde.<\/p>\n<p>On r\u00eave de projets improbables.<\/p>\n<p>C\u2019est difficile d\u2019\u00eatre objectif dans une situation comme celle-ci alors qu\u2019elle nous tient en haleine, nous inspire des attentes et fais na\u00eetre des espoirs inattendus\u2026l\u2019espoir de se voir davantage, de faire plus entre nous, de se d\u00e9couvrir, de se donner, de faire des choses jamais faites\u2026l\u2019espoir que \u00ab&nbsp;cela marchera&nbsp;\u00bb entre nous\u2026et aussi l\u2019espoir que cela durera toujours\u2026alors que le temps poursuit son chemin vers l\u2019infini, vers l\u2019inconnu\u2026et que nous avons nos conjoints respectifs et nos familles.<\/p>\n<p>Cela para\u00eet insens\u00e9 mais tout cela alimente nos r\u00eaves. On en parle tous les jours au t\u00e9l\u00e9phone.<\/p>\n<p>Comment est ce possible de faire durer cet \u00e9tat&nbsp;? On est fous\u2026<\/p>\n<p>On a beaucoup parl\u00e9 et d\u00e9cid\u00e9 d\u2019assumer nos sentiments. Mais nous voulons pr\u00e9server notre vie de famille.<\/p>\n<p>On se reverra seulement dans plus d\u2019un mois\u2026<\/p>\n<p>On est \u00e9loign\u00e9s mais finalement n\u2019est-ce pas aussi ce qui pourra contribuer \u00e0 la richesse de notre relation&nbsp;? Nos retrouvailles ne pourront qu\u2019en \u00eatre plus belles et plus intenses. Nous aurons beaucoup plus \u00e0 partager.<\/p>\n<p>Voici notre d\u00e9cision et notre \u201cphilosophie\u201d :<\/p>\n<p>Nos sentiments, nos d\u00e9cisions, nos comportements nous appartiennent et ne sont pas la propri\u00e9t\u00e9 de notre entourage. C\u2019est \u00e0 nous de nous affirmer et de garder le contr\u00f4le. Donc nous laissons les autres de c\u00f4t\u00e9 et suspendons le cours du temps durant lequel nous sommes seuls pour nous aimer.<\/p>\n<p>Nous ne nous sentons pas coupables parce que finalement il n\u2019y a pas lieu de l\u2019\u00eatre.<\/p>\n<p>Mais, de fait, nous rompons un certain \u00e9quilibre, en cr\u00e9ons un autre en voulant pr\u00e9server nos tr\u00e8s proches et vivre intens\u00e9ment tous nos moments partag\u00e9s \u00e0 deux.<\/p>\n<p>Apr\u00e8s il y a le risque encouru, celui d\u2019\u00eatre d\u00e9couvert\u2026et qui fait aussi peur.<\/p>\n<p>Qu\u2019est ce que tu penses de tout cela&nbsp;?<\/p>\n<p>Comment \u00e7a peut \u00e9voluer&nbsp;?<\/p>\n<p>On a d\u00e9cid\u00e9 de vivre le pr\u00e9sent sans se soucier de l\u2019avenir mais comment ne pas songer \u00e0 demain et \u00e0 ce que notre amour va donner&nbsp;?<\/p>\n<p>Merci \u00e0 toi encore.<\/p>\n<p><em>(Le t\u00e9moignage original se trouve plus loin dans cet article, dans les commentaires. Cet article \u00e9volue de mani\u00e8re \u201corganique\u201d suite au feedback des lecteurs.)<\/em><\/p><\/blockquote>\n<p>Quelle sont les diff\u00e9rences entre St\u00e9phane, Nicolas et Mr. X d\u2019une part&#8230;<\/p>\n<p>&#8230; et Julian, Anthony et guiguijeff d\u2019autre part&nbsp;?<\/p>\n<p><a href=\"https:\/\/www.coachdrague.com\/blog\/tu-la-veux-tu-l-auras\/page-5\/\" rel=\"nofollow\">Continues \u00e0 lire et tu comprendras\u2026<\/a><\/p>","protected":false},"excerpt":{"rendered":"<p>Elle se d\u00e9place pour Anthony et lui offre un cadeau d\u2019une valeur de 70\u20ac. Salut&nbsp;!!! Mon pote&nbsp;!! Entre moi et elle s\u2019est l\u2019amour fou. On c\u2019est vu 5 fois et on s\u2019aime \u00e9norm\u00e9ment. Elle se d\u00e9place pour venir me voir alors qu\u2019on habite loin l\u2019un de l\u2019autre et elle m\u2019a offert un cadeau d\u2019une valeur [&hellip;]<\/p>","protected":false},"author":2,"featured_media":0,"parent":11872,"menu_order":0,"comment_status":"closed","ping_status":"closed","template":"","meta":{"_monsterinsights_skip_tracking":false,"_monsterinsights_sitenote_active":false,"_monsterinsights_sitenote_note":"","_monsterinsights_sitenote_category":0,"footnotes":""},"_links":{"self":[{"href":"https:\/\/www.coachdrague.com\/blog\/wp-json\/wp\/v2\/pages\/11890"}],"collection":[{"href":"https:\/\/www.coachdrague.com\/blog\/wp-json\/wp\/v2\/pages"}],"about":[{"href":"https:\/\/www.coachdrague.com\/blog\/wp-json\/wp\/v2\/types\/page"}],"author":[{"embeddable":true,"href":"https:\/\/www.coachdrague.com\/blog\/wp-json\/wp\/v2\/users\/2"}],"replies":[{"embeddable":true,"href":"https:\/\/www.coachdrague.com\/blog\/wp-json\/wp\/v2\/comments?post=11890"}],"version-history":[{"count":1,"href":"https:\/\/www.coachdrague.com\/blog\/wp-json\/wp\/v2\/pages\/11890\/revisions"}],"predecessor-version":[{"id":12911,"href":"https:\/\/www.coachdrague.com\/blog\/wp-json\/wp\/v2\/pages\/11890\/revisions\/12911"}],"up":[{"embeddable":true,"href":"https:\/\/www.coachdrague.com\/blog\/wp-json\/wp\/v2\/pages\/11872"}],"wp:attachment":[{"href":"https:\/\/www.coachdrague.com\/blog\/wp-json\/wp\/v2\/media?parent=11890"}],"curies":[{"name":"wp","href":"https:\/\/api.w.org\/{rel}","templated":true}]}}