{"id":11885,"date":"2015-01-29T23:01:35","date_gmt":"2015-01-29T22:01:35","guid":{"rendered":"http:\/\/www.coachdrague.com\/blog\/?page_id=11885"},"modified":"2017-12-30T01:43:29","modified_gmt":"2017-12-30T00:43:29","slug":"page-3","status":"publish","type":"page","link":"https:\/\/www.coachdrague.com\/blog\/tu-la-veux-tu-l-auras\/page-3\/","title":{"rendered":""},"content":{"rendered":"<p>Voici l\u2019erreur principale&nbsp;: ils consid\u00e8rent cette femme comme \u00e9tant diff\u00e9rente, sp\u00e9ciale, unique\u2026<\/p>\n<h2>Pour s\u00e9duire cette femme il faut donc utiliser une <em>autre<\/em> strat\u00e9gie de s\u00e9duction<\/h2>\n<p>Il faut \u00eatre plus patient\u2026<\/p>\n<p>Plus prudent\u2026<\/p>\n<p>Plus attentif et attentionn\u00e9.<\/p>\n<p>Il ne faut surtout pas la brusquer, car sinon tu risques de la perdre.<\/p>\n<p>N\u2019est-ce pas&nbsp;?<\/p>\n<p>Hein&nbsp;?<\/p>\n<p>N\u2019est-ce pas&nbsp;?<\/p>\n<p>Ben\u2026<\/p>\n<p><strong>NON&nbsp;!<\/strong><\/p>\n<p>C\u2019est justement ce genre de comportement qui d\u00e9truit l\u2019attirance et qui te catapulte imm\u00e9diatement dans la &#8220;friend zone&#8221;.<\/p>\n<p>Si tu te reconnais dans la situation de St\u00e9phane, Nicolas et Mr. X et si tu avais l\u2019intention de t\u2019y prendre plus ou moins de la m\u00eame fa\u00e7on, alors je te comprends parfaitement.<\/p>\n<h2>Ce n\u2019est pas de ta faute&nbsp;!<\/h2>\n<p>La s\u00e9duction ne s\u2019apprend pas \u00e0 l\u2019\u00e9cole, ni \u00e0 la maison.<\/p>\n<p>Avant de conna\u00eetre &#8220;le secret&#8221; j\u2019ai commis les m\u00eames erreurs \u00e0 plusieurs reprises. Et j\u2019ai obtenu \u00e0 chaque fois les m\u00eames r\u00e9sultats&nbsp;: un coup de poignard dans le c\u0153ur et une boule dans la gorge.<\/p>\n<ul>\n<li>&#8220;D\u00e9sol\u00e9e, je ne suis pas pr\u00eate pour une relation. J\u2019ai plein de soucis.&#8221;<\/li>\n<\/ul>\n<ul>\n<li>&#8220;D\u00e9sol\u00e9e, je n\u2019ai pas encore oubli\u00e9 mon ex\u2026&#8221;<\/li>\n<\/ul>\n<ul>\n<li>&#8220;Je ne sais vraiment pas quoi dire. Je ne m\u2019attendais pas \u00e0 \u00e7a. Tu es un tr\u00e8s bon ami et j\u2019ai peur de perdre notre amiti\u00e9. Je pr\u00e9f\u00e8re qu\u2019on reste amis.&#8221;<\/li>\n<\/ul>\n<p>Si tu te reconnais dans la situation de St\u00e9phane, Nicolas et Mr. X et si tu avais l\u2019intention de t\u2019y prendre de la m\u00eame fa\u00e7on, alors\u2026<\/p>\n<p>STOP&nbsp;!<\/p>\n<p>Je te garantis avec 100% de certitude que tu obtiendras le m\u00eame r\u00e9sultat&nbsp;: tu te prendras un r\u00e2teau que tu ne seras pas pr\u00eat d\u2019oublier&nbsp;!<\/p>\n<p>Ton monde s\u2019\u00e9croulera.<\/p>\n<p>Ton c\u0153ur sera bris\u00e9.<\/p>\n<h2>Ta confiance en toi sera r\u00e9duite en miettes&nbsp;!<\/h2>\n<p>Mais j\u2019ai une bonne nouvelle\u00a0!<\/p>\n<p>Il n\u2019est pas trop tard.<\/p>\n<p>Il y a de l\u2019espoir\u00a0!<\/p>\n<p><a href=\"https:\/\/www.coachdrague.com\/blog\/tu-la-veux-tu-l-auras\/page-4\/\" rel=\"nofollow\">Lis les messages suivants (clique ici)\u2026<\/a><\/p>","protected":false},"excerpt":{"rendered":"<p>Voici l\u2019erreur principale&nbsp;: ils consid\u00e8rent cette femme comme \u00e9tant diff\u00e9rente, sp\u00e9ciale, unique\u2026 Pour s\u00e9duire cette femme il faut donc utiliser une autre strat\u00e9gie de s\u00e9duction Il faut \u00eatre plus patient\u2026 Plus prudent\u2026 Plus attentif et attentionn\u00e9. Il ne faut surtout pas la brusquer, car sinon tu risques de la perdre. N\u2019est-ce pas&nbsp;? Hein&nbsp;? N\u2019est-ce pas&nbsp;? [&hellip;]<\/p>","protected":false},"author":2,"featured_media":0,"parent":11872,"menu_order":0,"comment_status":"closed","ping_status":"closed","template":"","meta":{"_monsterinsights_skip_tracking":false,"_monsterinsights_sitenote_active":false,"_monsterinsights_sitenote_note":"","_monsterinsights_sitenote_category":0,"footnotes":""},"_links":{"self":[{"href":"https:\/\/www.coachdrague.com\/blog\/wp-json\/wp\/v2\/pages\/11885"}],"collection":[{"href":"https:\/\/www.coachdrague.com\/blog\/wp-json\/wp\/v2\/pages"}],"about":[{"href":"https:\/\/www.coachdrague.com\/blog\/wp-json\/wp\/v2\/types\/page"}],"author":[{"embeddable":true,"href":"https:\/\/www.coachdrague.com\/blog\/wp-json\/wp\/v2\/users\/2"}],"replies":[{"embeddable":true,"href":"https:\/\/www.coachdrague.com\/blog\/wp-json\/wp\/v2\/comments?post=11885"}],"version-history":[{"count":1,"href":"https:\/\/www.coachdrague.com\/blog\/wp-json\/wp\/v2\/pages\/11885\/revisions"}],"predecessor-version":[{"id":12910,"href":"https:\/\/www.coachdrague.com\/blog\/wp-json\/wp\/v2\/pages\/11885\/revisions\/12910"}],"up":[{"embeddable":true,"href":"https:\/\/www.coachdrague.com\/blog\/wp-json\/wp\/v2\/pages\/11872"}],"wp:attachment":[{"href":"https:\/\/www.coachdrague.com\/blog\/wp-json\/wp\/v2\/media?parent=11885"}],"curies":[{"name":"wp","href":"https:\/\/api.w.org\/{rel}","templated":true}]}}