{"id":11872,"date":"2015-01-29T22:30:30","date_gmt":"2015-01-29T21:30:30","guid":{"rendered":"http:\/\/www.coachdrague.com\/blog\/?page_id=11872"},"modified":"2023-06-14T21:30:42","modified_gmt":"2023-06-14T19:30:42","slug":"tu-la-veux-tu-l-auras","status":"publish","type":"page","link":"https:\/\/www.coachdrague.com\/blog\/tu-la-veux-tu-l-auras\/","title":{"rendered":"Tu es attir\u00e9 par cette fille sp\u00e9ciale. Tu ne veux surtout pas bousiller tes chances avec elle. Je te comprends. Lis ceci&nbsp;!"},"content":{"rendered":"<p>Cher visiteur, cher lecteur, cher ami,<\/p>\n<p>Je sais \u00e0 quel point c\u2019est important pour toi.<\/p>\n<p>Urgent m\u00eame&nbsp;!<\/p>\n<p>Je me permets donc de te tutoyer\u2026<\/p>\n<p>Si tu te reconnais dans au moins 3 des points suivants, alors cet article est fait pour toi&nbsp;:<\/p>\n<ul>\n<li>Tu particuli\u00e8rement attir\u00e9 par une femme en particulier. Oui, elle\u2026 Tu sais de qui il s\u2019agit.<\/li>\n<\/ul>\n<ul>\n<li>Tu calcules tes comportements vis-\u00e0-vis d\u2019elle (plus qu&#8217;avec n&#8217;importe qui d&#8217;autre) afin d&#8217;essayer de capter son attention et de susciter son int\u00e9r\u00eat.<\/li>\n<\/ul>\n<ul>\n<li>Tu te comportes diff\u00e9remment avec elle \u2013 avec plus de prudence, de patience, d\u2019attention et de &#8220;respect&#8221; \u2013 pour ne pas la brusquer.<\/li>\n<\/ul>\n<ul>\n<li>Tu te reconnais dans la description suivante&nbsp;: &#8220;Avec les femmes qui ne m\u2019int\u00e9ressent pas, je me sens enti\u00e8rement \u00e0 l\u2019aise. Mais avec elle je n\u2019arrive pas \u00e0 me comporter naturellement. Je n\u2019arrive pas \u00e0 \u00eatre moi-m\u00eame. Je perds mes moyens.&#8221;<\/li>\n<\/ul>\n<ul>\n<li>Tu essaies d\u2019analyser ses faits et gestes pour savoir ce qu\u2019elle pense et ce qu\u2019elle ressent r\u00e9ellement pour toi. Elle te fait un sourire, elle te regarde un peu plus longtemps, elle te fait un compliment, elle te taquine\u2026 Est-ce que ce sont des signes d\u2019int\u00e9r\u00eat&nbsp;? Ou inversement, elle te nie un peu plus que les autres, elle est plus froide et distante\u2026 Est-ce de l\u2019attirance masqu\u00e9e&nbsp;? Tu souhaites avoir plus de clart\u00e9 et de certitude.<\/li>\n<\/ul>\n<ul>\n<li>Tu cherches la phrase, la technique ou le discours magique pour essayer de la charmer.<\/li>\n<\/ul>\n<ul>\n<li>Tu as peur qu\u2019elle tombe sous le charme d\u2019un autre homme (un mec moins bien que toi, voire un salaud de &#8220;bad boy&#8221;) et que tu ne puisses rien y faire.<\/li>\n<\/ul>\n<ul>\n<li>Tu as peur de lui montrer ton int\u00e9r\u00eat par peur de la faire fuir. Ou attends-tu le bon moment, et \u00e7a depuis quelque temps d\u00e9j\u00e0, pour lui montrer ton int\u00e9r\u00eat.<\/li>\n<\/ul>\n<ul>\n<li>Tu te demandes comment &#8220;changer&#8221; et comment avoir plus de charisme, de charme et de confiance en toi avec comme but de lui plaire.<\/li>\n<\/ul>\n<ul>\n<li>Tu te demandes pourquoi elle ne veut pas te voir comme tu es r\u00e9ellement&#8230; Pourquoi elle ne veut pas voir que tu es l\u2019homme dont elle a r\u00e9ellement besoin. L\u2019homme qui la traitera avec la dignit\u00e9, la bienveillance et le respect qu\u2019elle m\u00e9rite.<\/li>\n<\/ul>\n<ul>\n<li>Bien qu\u2019il ne se soit encore rien pass\u00e9 entre vous \u2013 m\u00eame pas un bisou sur la bouche, tu penses d\u00e9j\u00e0 \u00e0 une relation s\u00e9rieuse avec elle.<\/li>\n<\/ul>\n<ul>\n<li>Si elle te propose de rester amis, tu serais pr\u00eat \u00e0 accepter, juste pour qu\u2019elle reste dans ta vie. Tu pr\u00e9f\u00e8res \u00eatre un simple ami platonique que de la perdre d\u00e9finitivement. Car, qui sait, peut-\u00eatre qu\u2019un jour elle &#8220;changera d\u2019avis&#8221; et qu\u2019elle comprendra que tu es vraiment son homme id\u00e9al. N\u2019est-ce pas&nbsp;?<\/li>\n<\/ul>\n<ul>\n<li>Est-ce que la petite voix dans ta t\u00eate te dit&nbsp;: &#8220;C\u2019est elle que je veux&nbsp;! Elle et personne d\u2019autre. Mais\u2026 J\u2019ai peur. Je peur de foirer. Je ne sais pas quoi faire. AU SECOURS&nbsp;!&#8221; ?<\/li>\n<\/ul>\n<p>Si tu as r\u00e9pondu &#8220;oui&#8221; \u00e0 une ou plusieurs de ces questions, alors <a href=\"https:\/\/www.coachdrague.com\/blog\/tu-la-veux-tu-l-auras\/page-2\/\" rel=\"nofollow\">je t\u2019invite \u00e0 lire les messages suivants (clique ici)&#8230;<\/a><\/p>","protected":false},"excerpt":{"rendered":"<p>Cher visiteur, cher lecteur, cher ami, Je sais \u00e0 quel point c\u2019est important pour toi. Urgent m\u00eame&nbsp;! Je me permets donc de te tutoyer\u2026 Si tu te reconnais dans au moins 3 des points suivants, alors cet article est fait pour toi&nbsp;: Tu particuli\u00e8rement attir\u00e9 par une femme en particulier. Oui, elle\u2026 Tu sais de [&hellip;]<\/p>","protected":false},"author":2,"featured_media":0,"parent":0,"menu_order":0,"comment_status":"closed","ping_status":"closed","template":"","meta":{"_monsterinsights_skip_tracking":false,"_monsterinsights_sitenote_active":false,"_monsterinsights_sitenote_note":"","_monsterinsights_sitenote_category":0,"footnotes":""},"_links":{"self":[{"href":"https:\/\/www.coachdrague.com\/blog\/wp-json\/wp\/v2\/pages\/11872"}],"collection":[{"href":"https:\/\/www.coachdrague.com\/blog\/wp-json\/wp\/v2\/pages"}],"about":[{"href":"https:\/\/www.coachdrague.com\/blog\/wp-json\/wp\/v2\/types\/page"}],"author":[{"embeddable":true,"href":"https:\/\/www.coachdrague.com\/blog\/wp-json\/wp\/v2\/users\/2"}],"replies":[{"embeddable":true,"href":"https:\/\/www.coachdrague.com\/blog\/wp-json\/wp\/v2\/comments?post=11872"}],"version-history":[{"count":5,"href":"https:\/\/www.coachdrague.com\/blog\/wp-json\/wp\/v2\/pages\/11872\/revisions"}],"predecessor-version":[{"id":13762,"href":"https:\/\/www.coachdrague.com\/blog\/wp-json\/wp\/v2\/pages\/11872\/revisions\/13762"}],"wp:attachment":[{"href":"https:\/\/www.coachdrague.com\/blog\/wp-json\/wp\/v2\/media?parent=11872"}],"curies":[{"name":"wp","href":"https:\/\/api.w.org\/{rel}","templated":true}]}}